{"id":104589,"date":"2022-06-03T10:48:06","date_gmt":"2022-06-03T07:48:06","guid":{"rendered":"https:\/\/hdco.fi\/?page_id=104589"},"modified":"2026-04-07T18:45:27","modified_gmt":"2026-04-07T15:45:27","slug":"viskikellari","status":"publish","type":"page","link":"https:\/\/hdco.fi\/fi\/viskikellari\/","title":{"rendered":"Viskikellari"},"content":{"rendered":"<div class=\"wpb-content-wrapper\"><p>[vc_row row_height_percent=&#8221;0&#8243; override_padding=&#8221;yes&#8221; h_padding=&#8221;2&#8243; top_padding=&#8221;6&#8243; bottom_padding=&#8221;6&#8243; back_color=&#8221;color-xsdn&#8221; overlay_alpha=&#8221;50&#8243; gutter_size=&#8221;4&#8243; column_width_percent=&#8221;100&#8243; shift_y=&#8221;0&#8243; z_index=&#8221;0&#8243; content_parallax=&#8221;0&#8243; uncode_shortcode_id=&#8221;709938&#8243; back_color_type=&#8221;uncode-palette&#8221;][vc_column column_width_percent=&#8221;100&#8243; gutter_size=&#8221;3&#8243; overlay_alpha=&#8221;50&#8243; shift_x=&#8221;0&#8243; shift_y=&#8221;0&#8243; shift_y_down=&#8221;0&#8243; z_index=&#8221;0&#8243; medium_width=&#8221;4&#8243; mobile_width=&#8221;0&#8243; width=&#8221;6\/12&#8243; el_class=&#8221;image-card image-card-triple&#8221; uncode_shortcode_id=&#8221;327674&#8243;][vc_single_image media=&#8221;104273&#8243; media_width_percent=&#8221;100&#8243; media_ratio=&#8221;one-one&#8221; alignment=&#8221;right&#8221; shadow=&#8221;yes&#8221; shadow_weight=&#8221;std&#8221; uncode_shortcode_id=&#8221;204011&#8243;][vc_single_image media=&#8221;104531&#8243; media_width_percent=&#8221;100&#8243; media_ratio=&#8221;one-one&#8221; alignment=&#8221;right&#8221; shadow=&#8221;yes&#8221; shadow_weight=&#8221;std&#8221; uncode_shortcode_id=&#8221;119481&#8243;][vc_single_image media=&#8221;105776&#8243; media_width_percent=&#8221;100&#8243; media_ratio=&#8221;one-one&#8221; alignment=&#8221;right&#8221; shadow=&#8221;yes&#8221; shadow_weight=&#8221;std&#8221; uncode_shortcode_id=&#8221;328299&#8243;][\/vc_column][vc_column column_width_percent=&#8221;100&#8243; position_horizontal=&#8221;left&#8221; position_vertical=&#8221;middle&#8221; gutter_size=&#8221;2&#8243; overlay_alpha=&#8221;50&#8243; shift_x=&#8221;0&#8243; shift_y=&#8221;0&#8243; shift_y_down=&#8221;0&#8243; z_index=&#8221;0&#8243; medium_width=&#8221;4&#8243; align_mobile=&#8221;align_center_mobile&#8221; mobile_width=&#8221;0&#8243; width=&#8221;6\/12&#8243; uncode_shortcode_id=&#8221;156666&#8243;][vc_column_text text_lead=&#8221;small&#8221; uncode_shortcode_id=&#8221;498802&#8243;]Vanha Talvitie 16 R21, 00580 Helsinki, Finland[\/vc_column_text][vc_custom_heading text_size=&#8221;fontsize-155944&#8243; text_transform=&#8221;uppercase&#8221; text_height=&#8221;fontheight-179065&#8243; text_space=&#8221;fontspace-781688&#8243; uncode_shortcode_id=&#8221;199810&#8243;]The Helsinki Whiskey Cellar[\/vc_custom_heading][vc_custom_heading heading_semantic=&#8221;h4&#8243; text_size=&#8221;h4&#8243; text_transform=&#8221;uppercase&#8221; text_height=&#8221;fontheight-179065&#8243; text_space=&#8221;fontspace-781688&#8243; uncode_shortcode_id=&#8221;150860&#8243;]Maailmanluokan viskikellari ja ainutlaatuinen tapahtumatila[\/vc_custom_heading][vc_column_text text_lead=&#8221;yes&#8221; uncode_shortcode_id=&#8221;949897&#8243;]Maailmanlaajuisestikin huomioitu The Helsinki Whiskey Cellar on ainutlaatuinen kohde Pohjoismaissa. Historiallinen ja uniikki milj\u00f6\u00f6 tarjoaa upeat puitteet viskitastingille, kellarikierroksille ja yksityistilaisuuksien j\u00e4rjest\u00e4miselle. Helsingin Tukkutorin kupeessa sijaitsevaan viskikellariin on helppo saapua \u2013 Kalasataman joukkoliikenne palvelee aivan kulman takana.<\/p>\n<p>The Helsinki Whiskey Cellarista voit my\u00f6s ostaa itsellesi oman viskitynnyrin, jonka kypsymist\u00e4 voit seurata kellarin hulppeissa tiloissa.[\/vc_column_text][\/vc_column][\/vc_row][vc_row unlock_row_content=&#8221;yes&#8221; row_height_percent=&#8221;0&#8243; override_padding=&#8221;yes&#8221; h_padding=&#8221;3&#8243; top_padding=&#8221;2&#8243; bottom_padding=&#8221;3&#8243; overlay_alpha=&#8221;50&#8243; equal_height=&#8221;yes&#8221; gutter_size=&#8221;2&#8243; column_width_percent=&#8221;100&#8243; shift_y=&#8221;0&#8243; z_index=&#8221;0&#8243; content_parallax=&#8221;0&#8243; el_class=&#8221;inverted-device-order&#8221; css=&#8221;.vc_custom_1745417136614{padding-top: 18px !important;padding-right: 18px !important;padding-bottom: 18px !important;padding-left: 18px !important;}&#8221; uncode_shortcode_id=&#8221;729859&#8243; row_name=&#8221;book&#8221;][vc_column column_width_percent=&#8221;90&#8243; position_vertical=&#8221;middle&#8221; align_horizontal=&#8221;align_center&#8221; gutter_size=&#8221;3&#8243; style=&#8221;light&#8221; overlay_alpha=&#8221;50&#8243; radius=&#8221;sm&#8221; shift_x=&#8221;0&#8243; shift_y=&#8221;0&#8243; shift_y_down=&#8221;0&#8243; z_index=&#8221;0&#8243; medium_width=&#8221;4&#8243; mobile_width=&#8221;0&#8243; width=&#8221;1\/1&#8243; uncode_shortcode_id=&#8221;326756&#8243;][vc_custom_heading text_size=&#8221;h1&#8243; text_transform=&#8221;uppercase&#8221; uncode_shortcode_id=&#8221;276536&#8243;]Viskitasting- ja kellarikierrokset Helsingiss\u00e4[\/vc_custom_heading][vc_column_text text_lead=&#8221;yes&#8221; uncode_shortcode_id=&#8221;356287&#8243;]Viskitasting on erinomainen tapa tutustua viskien vivahteikkaaseen maailmaan. Kierroksella tutustumme viskien valmistus- ja kypsytysprosessiin sek\u00e4 erilaisien viskilajien eroihin. Kierroksella haistelemme ja maistelemme my\u00f6s erilaisia viskej\u00e4 \u2013 asiantuntevasti mutta aina rennolla meiningill\u00e4. Kellarilla on my\u00f6s mahdollista maistella muita tuotteitamme.[\/vc_column_text][vc_empty_space empty_h=&#8221;2&#8243;][vc_row_inner row_inner_height_percent=&#8221;0&#8243; overlay_alpha=&#8221;50&#8243; equal_height=&#8221;yes&#8221; gutter_size=&#8221;2&#8243; shift_y=&#8221;0&#8243; z_index=&#8221;0&#8243; inverted_device_order=&#8221;yes&#8221; uncode_shortcode_id=&#8221;210535&#8243; limit_content=&#8221;&#8221;][vc_column_inner column_width_percent=&#8221;80&#8243; position_horizontal=&#8221;left&#8221; position_vertical=&#8221;middle&#8221; gutter_size=&#8221;3&#8243; style=&#8221;light&#8221; font_family=&#8221;font-136269&#8243; overlay_alpha=&#8221;50&#8243; shift_x=&#8221;0&#8243; shift_y=&#8221;0&#8243; shift_y_down=&#8221;0&#8243; z_index=&#8221;0&#8243; align_medium=&#8221;align_left_tablet&#8221; medium_width=&#8221;4&#8243; align_mobile=&#8221;align_center_mobile&#8221; mobile_width=&#8221;0&#8243; width=&#8221;1\/2&#8243; uncode_shortcode_id=&#8221;629499&#8243;][vc_custom_heading heading_semantic=&#8221;h3&#8243; text_transform=&#8221;uppercase&#8221; text_height=&#8221;fontheight-179065&#8243; text_space=&#8221;fontspace-781688&#8243; uncode_shortcode_id=&#8221;141390&#8243;]AVOIMET VISKIKELLARIKIERROKSET[\/vc_custom_heading][vc_column_text uncode_shortcode_id=&#8221;343678&#8243;]J\u00e4rjest\u00e4mme avoimia kierroksia ja tastingej\u00e4 joka lauantai klo 16.00. Viskikellarikierros sis\u00e4lt\u00e4\u00e4 yksityiskohtaisen selostuksen viskin valmistuksesta, historiasta ja tarinasta (hinta 15\u20ac\/hl\u00f6, n. 45 min.) Kierroksen j\u00e4lkeen saat mahdollisuuden osallistua viskitastingiin (hinta 30\u20ac\/hl\u00f6, n. 45 min). Kierroksen ja maistelun yhteishinta on 45 \u20ac.[\/vc_column_text][\/vc_column_inner][vc_column_inner column_width_percent=&#8221;100&#8243; position_vertical=&#8221;middle&#8221; gutter_size=&#8221;3&#8243; style=&#8221;dark&#8221; overlay_alpha=&#8221;50&#8243; shift_x=&#8221;0&#8243; shift_y=&#8221;0&#8243; shift_y_down=&#8221;0&#8243; z_index=&#8221;0&#8243; medium_width=&#8221;4&#8243; align_mobile=&#8221;align_center_mobile&#8221; mobile_width=&#8221;0&#8243; width=&#8221;1\/2&#8243; uncode_shortcode_id=&#8221;115943&#8243;][vc_single_image media=&#8221;104530&#8243; media_width_percent=&#8221;100&#8243; media_ratio=&#8221;one-one&#8221; alignment=&#8221;center&#8221; uncode_shortcode_id=&#8221;166745&#8243;][\/vc_column_inner][\/vc_row_inner][vc_empty_space empty_h=&#8221;2&#8243;][vc_row_inner row_inner_height_percent=&#8221;0&#8243; overlay_alpha=&#8221;50&#8243; equal_height=&#8221;yes&#8221; gutter_size=&#8221;2&#8243; shift_y=&#8221;0&#8243; z_index=&#8221;0&#8243; uncode_shortcode_id=&#8221;270881&#8243; limit_content=&#8221;&#8221;][vc_column_inner column_width_percent=&#8221;100&#8243; position_vertical=&#8221;middle&#8221; gutter_size=&#8221;3&#8243; style=&#8221;dark&#8221; overlay_alpha=&#8221;50&#8243; shift_x=&#8221;0&#8243; shift_y=&#8221;0&#8243; shift_y_down=&#8221;0&#8243; z_index=&#8221;0&#8243; medium_width=&#8221;4&#8243; align_mobile=&#8221;align_center_mobile&#8221; mobile_width=&#8221;0&#8243; width=&#8221;1\/2&#8243; uncode_shortcode_id=&#8221;189560&#8243;][vc_single_image media=&#8221;105770&#8243; media_width_percent=&#8221;100&#8243; media_ratio=&#8221;one-one&#8221; uncode_shortcode_id=&#8221;630070&#8243;][\/vc_column_inner][vc_column_inner column_width_percent=&#8221;80&#8243; position_vertical=&#8221;middle&#8221; gutter_size=&#8221;3&#8243; style=&#8221;light&#8221; font_family=&#8221;font-136269&#8243; overlay_alpha=&#8221;50&#8243; shift_x=&#8221;0&#8243; shift_y=&#8221;0&#8243; shift_y_down=&#8221;0&#8243; z_index=&#8221;0&#8243; align_medium=&#8221;align_left_tablet&#8221; medium_width=&#8221;4&#8243; align_mobile=&#8221;align_center_mobile&#8221; mobile_width=&#8221;0&#8243; width=&#8221;1\/2&#8243; uncode_shortcode_id=&#8221;183426&#8243;][vc_custom_heading heading_semantic=&#8221;h3&#8243; text_transform=&#8221;uppercase&#8221; text_height=&#8221;fontheight-179065&#8243; text_space=&#8221;fontspace-781688&#8243; uncode_shortcode_id=&#8221;125486&#8243;]YKSITYISET VISKIKELLARIKIERROKSET JA TASTINGIT[\/vc_custom_heading][vc_column_text uncode_shortcode_id=&#8221;862467&#8243;]Yksityiskierrokset ja tastingit ovat varattavissa 7 hengen ryhmist\u00e4 alkaen ja sis\u00e4lt\u00e4v\u00e4t aina kierroksen ja maistelun 45\u20ac per henkil\u00f6. Muina aikoina (maanantai-tiistai)\u00a0<strong>tiedustelut suoraan s\u00e4hk\u00f6postitse osoitteeseen info@tislaamo.fi<\/strong>. Yksityiset kierrokset ja tastingit tulee varata v\u00e4hint\u00e4\u00e4n 5 p\u00e4iv\u00e4\u00e4 etuk\u00e4teen.[\/vc_column_text][\/vc_column_inner][\/vc_row_inner][vc_empty_space empty_h=&#8221;2&#8243;][vc_row_inner row_inner_height_percent=&#8221;0&#8243; overlay_alpha=&#8221;50&#8243; equal_height=&#8221;yes&#8221; gutter_size=&#8221;2&#8243; shift_y=&#8221;0&#8243; z_index=&#8221;0&#8243; inverted_device_order=&#8221;yes&#8221; uncode_shortcode_id=&#8221;452378&#8243; limit_content=&#8221;&#8221;][vc_column_inner column_width_percent=&#8221;80&#8243; position_horizontal=&#8221;left&#8221; position_vertical=&#8221;middle&#8221; gutter_size=&#8221;3&#8243; style=&#8221;light&#8221; font_family=&#8221;font-136269&#8243; overlay_alpha=&#8221;50&#8243; shift_x=&#8221;0&#8243; shift_y=&#8221;0&#8243; shift_y_down=&#8221;0&#8243; z_index=&#8221;0&#8243; align_medium=&#8221;align_left_tablet&#8221; medium_width=&#8221;4&#8243; align_mobile=&#8221;align_center_mobile&#8221; mobile_width=&#8221;0&#8243; width=&#8221;1\/2&#8243; uncode_shortcode_id=&#8221;117713&#8243;][vc_custom_heading heading_semantic=&#8221;h3&#8243; text_transform=&#8221;uppercase&#8221; text_height=&#8221;fontheight-179065&#8243; text_space=&#8221;fontspace-781688&#8243; uncode_shortcode_id=&#8221;140291&#8243;]Kiinnostunut tilaamaan ikioman viskitynnyrin?[\/vc_custom_heading][vc_column_text uncode_shortcode_id=&#8221;176514&#8243;]Annamme mielell\u00e4mme lis\u00e4\u00e4 tietoa prosessistamme ja eri mahdollisuuksista. Ota yhteytt\u00e4!<\/p>\n<p><a href=\"mailto:info@hdco.fi\"><strong>info@hdco.fi<\/strong><\/a>[\/vc_column_text][\/vc_column_inner][vc_column_inner column_width_percent=&#8221;100&#8243; position_vertical=&#8221;middle&#8221; gutter_size=&#8221;3&#8243; style=&#8221;dark&#8221; overlay_alpha=&#8221;50&#8243; shift_x=&#8221;0&#8243; shift_y=&#8221;0&#8243; shift_y_down=&#8221;0&#8243; z_index=&#8221;0&#8243; medium_width=&#8221;4&#8243; align_mobile=&#8221;align_center_mobile&#8221; mobile_width=&#8221;0&#8243; width=&#8221;1\/2&#8243; uncode_shortcode_id=&#8221;617762&#8243;][vc_single_image media=&#8221;104260&#8243; media_width_percent=&#8221;100&#8243; media_ratio=&#8221;one-one&#8221; alignment=&#8221;center&#8221; uncode_shortcode_id=&#8221;661811&#8243;][\/vc_column_inner][\/vc_row_inner][vc_empty_space empty_h=&#8221;2&#8243;][vc_button size=&#8221;btn-sm&#8221; radius=&#8221;btn-square&#8221; outline=&#8221;yes&#8221; text_skin=&#8221;yes&#8221; custom_typo=&#8221;yes&#8221; font_family=&#8221;font-136269&#8243; font_weight=&#8221;600&#8243; border_width=&#8221;0&#8243; icon_position=&#8221;right&#8221; display=&#8221;inline&#8221; inline_mobile=&#8221;yes&#8221; top_margin=&#8221;yes&#8221; icon=&#8221;fa fa-arrow-right2&#8243; uncode_shortcode_id=&#8221;113780&#8243; link=&#8221;url:https%3A%2F%2Fv2.tableonline.fi%2Finstabook%2Fbookings%2FDzUi1da%2Fselection%3Flocale%3Dfi|target:_blank&#8221;]Varaa nyt[\/vc_button][vc_button size=&#8221;btn-sm&#8221; radius=&#8221;btn-square&#8221; outline=&#8221;yes&#8221; text_skin=&#8221;yes&#8221; custom_typo=&#8221;yes&#8221; font_family=&#8221;font-136269&#8243; font_weight=&#8221;600&#8243; border_width=&#8221;0&#8243; icon_position=&#8221;right&#8221; display=&#8221;inline&#8221; inline_mobile=&#8221;yes&#8221; top_margin=&#8221;yes&#8221; icon=&#8221;fa fa-arrow-right2&#8243; uncode_shortcode_id=&#8221;276549&#8243; link=&#8221;url:tel%3A%2B358407060388|target:_blank&#8221;]Soita: +358 40 706 0388[\/vc_button][\/vc_column][\/vc_row]<\/p>\n<\/div>","protected":false},"excerpt":{"rendered":"<p>[vc_row row_height_percent=&#8221;0&#8243; override_padding=&#8221;yes&#8221; h_padding=&#8221;2&#8243; top_padding=&#8221;6&#8243; bottom_padding=&#8221;6&#8243; back_color=&#8221;color-xsdn&#8221; overlay_alpha=&#8221;50&#8243; gutter_size=&#8221;4&#8243; column_width_percent=&#8221;100&#8243; shift_y=&#8221;0&#8243; z_index=&#8221;0&#8243; content_parallax=&#8221;0&#8243; uncode_shortcode_id=&#8221;709938&#8243; back_color_type=&#8221;uncode-palette&#8221;][vc_column column_width_percent=&#8221;100&#8243; gutter_size=&#8221;3&#8243; overlay_alpha=&#8221;50&#8243; shift_x=&#8221;0&#8243; shift_y=&#8221;0&#8243; [&hellip;]<\/p>\n","protected":false},"author":1,"featured_media":104287,"parent":0,"menu_order":0,"comment_status":"closed","ping_status":"closed","template":"","meta":{"_improvement_type_select":"improve_an_existing","_thumb_yes_seoaic":false,"_frame_yes_seoaic":false,"seoaic_generate_description":"","seoaic_improve_instructions_prompt":"","seoaic_rollback_content_improvement":"","seoaic_idea_thumbnail_generator":"","thumbnail_generated":false,"thumbnail_generate_prompt":"","seoaic_article_description":"","footnotes":""},"class_list":["post-104589","page","type-page","status-publish","has-post-thumbnail","hentry"],"yoast_head":"<!-- This site is optimized with the Yoast SEO plugin v26.2 - https:\/\/yoast.com\/wordpress\/plugins\/seo\/ -->\n<title>Viskikellari \/ Tasting - The Helsinki Distilling Company | hdco.fi<\/title>\n<meta name=\"description\" content=\"Viskitastingit Helsingiss\u00e4. Helsinki Whiskey Cellar on maailmanluokan viskinkellari ja tapahtumatila. Varaa kierros tai tasting!\" \/>\n<meta name=\"robots\" content=\"index, follow, max-snippet:-1, max-image-preview:large, max-video-preview:-1\" \/>\n<link rel=\"canonical\" href=\"https:\/\/hdco.fi\/fi\/viskikellari\/\" \/>\n<meta property=\"og:locale\" content=\"fi_FI\" \/>\n<meta property=\"og:type\" content=\"article\" \/>\n<meta property=\"og:title\" content=\"Viskikellari \/ Tasting - The Helsinki Distilling Company | hdco.fi\" \/>\n<meta property=\"og:description\" content=\"Viskitastingit Helsingiss\u00e4. Helsinki Whiskey Cellar on maailmanluokan viskinkellari ja tapahtumatila. Varaa kierros tai tasting!\" \/>\n<meta property=\"og:url\" content=\"https:\/\/hdco.fi\/fi\/viskikellari\/\" \/>\n<meta property=\"og:site_name\" content=\"The Helsinki Distilling Company | hdco.fi\" \/>\n<meta property=\"article:publisher\" content=\"https:\/\/www.facebook.com\/helsinkidistillingcompany\" \/>\n<meta property=\"article:modified_time\" content=\"2026-04-07T15:45:27+00:00\" \/>\n<meta property=\"og:image\" content=\"https:\/\/hdco.fi\/wp-content\/uploads\/2022\/04\/Hdco_casks.jpg\" \/>\n\t<meta property=\"og:image:width\" content=\"750\" \/>\n\t<meta property=\"og:image:height\" content=\"750\" \/>\n\t<meta property=\"og:image:type\" content=\"image\/jpeg\" \/>\n<meta name=\"twitter:card\" content=\"summary_large_image\" \/>\n<meta name=\"twitter:label1\" content=\"Arvioitu lukuaika\" \/>\n\t<meta name=\"twitter:data1\" content=\"3 minuuttia\" \/>\n<script type=\"application\/ld+json\" class=\"yoast-schema-graph\">{\"@context\":\"https:\/\/schema.org\",\"@graph\":[{\"@type\":\"WebPage\",\"@id\":\"https:\/\/hdco.fi\/fi\/viskikellari\/\",\"url\":\"https:\/\/hdco.fi\/fi\/viskikellari\/\",\"name\":\"Viskikellari \/ Tasting - The Helsinki Distilling Company | hdco.fi\",\"isPartOf\":{\"@id\":\"https:\/\/hdco.fi\/fi\/#website\"},\"primaryImageOfPage\":{\"@id\":\"https:\/\/hdco.fi\/fi\/viskikellari\/#primaryimage\"},\"image\":{\"@id\":\"https:\/\/hdco.fi\/fi\/viskikellari\/#primaryimage\"},\"thumbnailUrl\":\"https:\/\/hdco.fi\/wp-content\/uploads\/2022\/04\/Hdco_casks.jpg\",\"datePublished\":\"2022-06-03T07:48:06+00:00\",\"dateModified\":\"2026-04-07T15:45:27+00:00\",\"description\":\"Viskitastingit Helsingiss\u00e4. Helsinki Whiskey Cellar on maailmanluokan viskinkellari ja tapahtumatila. Varaa kierros tai tasting!\",\"breadcrumb\":{\"@id\":\"https:\/\/hdco.fi\/fi\/viskikellari\/#breadcrumb\"},\"inLanguage\":\"fi\",\"potentialAction\":[{\"@type\":\"ReadAction\",\"target\":[\"https:\/\/hdco.fi\/fi\/viskikellari\/\"]}]},{\"@type\":\"ImageObject\",\"inLanguage\":\"fi\",\"@id\":\"https:\/\/hdco.fi\/fi\/viskikellari\/#primaryimage\",\"url\":\"https:\/\/hdco.fi\/wp-content\/uploads\/2022\/04\/Hdco_casks.jpg\",\"contentUrl\":\"https:\/\/hdco.fi\/wp-content\/uploads\/2022\/04\/Hdco_casks.jpg\",\"width\":750,\"height\":750},{\"@type\":\"BreadcrumbList\",\"@id\":\"https:\/\/hdco.fi\/fi\/viskikellari\/#breadcrumb\",\"itemListElement\":[{\"@type\":\"ListItem\",\"position\":1,\"name\":\"Home\",\"item\":\"https:\/\/hdco.fi\/fi\/\"},{\"@type\":\"ListItem\",\"position\":2,\"name\":\"Viskikellari\"}]},{\"@type\":\"WebSite\",\"@id\":\"https:\/\/hdco.fi\/fi\/#website\",\"url\":\"https:\/\/hdco.fi\/fi\/\",\"name\":\"The Helsinki Distilling Company | hdco.fi\",\"description\":\"HEL of a Spirit\",\"publisher\":{\"@id\":\"https:\/\/hdco.fi\/fi\/#organization\"},\"potentialAction\":[{\"@type\":\"SearchAction\",\"target\":{\"@type\":\"EntryPoint\",\"urlTemplate\":\"https:\/\/hdco.fi\/fi\/?s={search_term_string}\"},\"query-input\":{\"@type\":\"PropertyValueSpecification\",\"valueRequired\":true,\"valueName\":\"search_term_string\"}}],\"inLanguage\":\"fi\"},{\"@type\":\"Organization\",\"@id\":\"https:\/\/hdco.fi\/fi\/#organization\",\"name\":\"The Helsinki Distilling Company\",\"url\":\"https:\/\/hdco.fi\/fi\/\",\"logo\":{\"@type\":\"ImageObject\",\"inLanguage\":\"fi\",\"@id\":\"https:\/\/hdco.fi\/fi\/#\/schema\/logo\/image\/\",\"url\":\"https:\/\/hdco.fi\/wp-content\/uploads\/2022\/01\/HDCOlogo.png\",\"contentUrl\":\"https:\/\/hdco.fi\/wp-content\/uploads\/2022\/01\/HDCOlogo.png\",\"width\":240,\"height\":240,\"caption\":\"The Helsinki Distilling Company\"},\"image\":{\"@id\":\"https:\/\/hdco.fi\/fi\/#\/schema\/logo\/image\/\"},\"sameAs\":[\"https:\/\/www.facebook.com\/helsinkidistillingcompany\",\"https:\/\/www.instagram.com\/helsinkidistilling\/?hl=fi\"]}]}<\/script>\n<!-- \/ Yoast SEO plugin. -->","yoast_head_json":{"title":"Viskikellari \/ Tasting - The Helsinki Distilling Company | hdco.fi","description":"Viskitastingit Helsingiss\u00e4. Helsinki Whiskey Cellar on maailmanluokan viskinkellari ja tapahtumatila. Varaa kierros tai tasting!","robots":{"index":"index","follow":"follow","max-snippet":"max-snippet:-1","max-image-preview":"max-image-preview:large","max-video-preview":"max-video-preview:-1"},"canonical":"https:\/\/hdco.fi\/fi\/viskikellari\/","og_locale":"fi_FI","og_type":"article","og_title":"Viskikellari \/ Tasting - The Helsinki Distilling Company | hdco.fi","og_description":"Viskitastingit Helsingiss\u00e4. Helsinki Whiskey Cellar on maailmanluokan viskinkellari ja tapahtumatila. Varaa kierros tai tasting!","og_url":"https:\/\/hdco.fi\/fi\/viskikellari\/","og_site_name":"The Helsinki Distilling Company | hdco.fi","article_publisher":"https:\/\/www.facebook.com\/helsinkidistillingcompany","article_modified_time":"2026-04-07T15:45:27+00:00","og_image":[{"width":750,"height":750,"url":"https:\/\/hdco.fi\/wp-content\/uploads\/2022\/04\/Hdco_casks.jpg","type":"image\/jpeg"}],"twitter_card":"summary_large_image","twitter_misc":{"Arvioitu lukuaika":"3 minuuttia"},"schema":{"@context":"https:\/\/schema.org","@graph":[{"@type":"WebPage","@id":"https:\/\/hdco.fi\/fi\/viskikellari\/","url":"https:\/\/hdco.fi\/fi\/viskikellari\/","name":"Viskikellari \/ Tasting - The Helsinki Distilling Company | hdco.fi","isPartOf":{"@id":"https:\/\/hdco.fi\/fi\/#website"},"primaryImageOfPage":{"@id":"https:\/\/hdco.fi\/fi\/viskikellari\/#primaryimage"},"image":{"@id":"https:\/\/hdco.fi\/fi\/viskikellari\/#primaryimage"},"thumbnailUrl":"https:\/\/hdco.fi\/wp-content\/uploads\/2022\/04\/Hdco_casks.jpg","datePublished":"2022-06-03T07:48:06+00:00","dateModified":"2026-04-07T15:45:27+00:00","description":"Viskitastingit Helsingiss\u00e4. Helsinki Whiskey Cellar on maailmanluokan viskinkellari ja tapahtumatila. Varaa kierros tai tasting!","breadcrumb":{"@id":"https:\/\/hdco.fi\/fi\/viskikellari\/#breadcrumb"},"inLanguage":"fi","potentialAction":[{"@type":"ReadAction","target":["https:\/\/hdco.fi\/fi\/viskikellari\/"]}]},{"@type":"ImageObject","inLanguage":"fi","@id":"https:\/\/hdco.fi\/fi\/viskikellari\/#primaryimage","url":"https:\/\/hdco.fi\/wp-content\/uploads\/2022\/04\/Hdco_casks.jpg","contentUrl":"https:\/\/hdco.fi\/wp-content\/uploads\/2022\/04\/Hdco_casks.jpg","width":750,"height":750},{"@type":"BreadcrumbList","@id":"https:\/\/hdco.fi\/fi\/viskikellari\/#breadcrumb","itemListElement":[{"@type":"ListItem","position":1,"name":"Home","item":"https:\/\/hdco.fi\/fi\/"},{"@type":"ListItem","position":2,"name":"Viskikellari"}]},{"@type":"WebSite","@id":"https:\/\/hdco.fi\/fi\/#website","url":"https:\/\/hdco.fi\/fi\/","name":"The Helsinki Distilling Company | hdco.fi","description":"HEL of a Spirit","publisher":{"@id":"https:\/\/hdco.fi\/fi\/#organization"},"potentialAction":[{"@type":"SearchAction","target":{"@type":"EntryPoint","urlTemplate":"https:\/\/hdco.fi\/fi\/?s={search_term_string}"},"query-input":{"@type":"PropertyValueSpecification","valueRequired":true,"valueName":"search_term_string"}}],"inLanguage":"fi"},{"@type":"Organization","@id":"https:\/\/hdco.fi\/fi\/#organization","name":"The Helsinki Distilling Company","url":"https:\/\/hdco.fi\/fi\/","logo":{"@type":"ImageObject","inLanguage":"fi","@id":"https:\/\/hdco.fi\/fi\/#\/schema\/logo\/image\/","url":"https:\/\/hdco.fi\/wp-content\/uploads\/2022\/01\/HDCOlogo.png","contentUrl":"https:\/\/hdco.fi\/wp-content\/uploads\/2022\/01\/HDCOlogo.png","width":240,"height":240,"caption":"The Helsinki Distilling Company"},"image":{"@id":"https:\/\/hdco.fi\/fi\/#\/schema\/logo\/image\/"},"sameAs":["https:\/\/www.facebook.com\/helsinkidistillingcompany","https:\/\/www.instagram.com\/helsinkidistilling\/?hl=fi"]}]}},"_links":{"self":[{"href":"https:\/\/hdco.fi\/fi\/wp-json\/wp\/v2\/pages\/104589","targetHints":{"allow":["GET"]}}],"collection":[{"href":"https:\/\/hdco.fi\/fi\/wp-json\/wp\/v2\/pages"}],"about":[{"href":"https:\/\/hdco.fi\/fi\/wp-json\/wp\/v2\/types\/page"}],"author":[{"embeddable":true,"href":"https:\/\/hdco.fi\/fi\/wp-json\/wp\/v2\/users\/1"}],"replies":[{"embeddable":true,"href":"https:\/\/hdco.fi\/fi\/wp-json\/wp\/v2\/comments?post=104589"}],"version-history":[{"count":4,"href":"https:\/\/hdco.fi\/fi\/wp-json\/wp\/v2\/pages\/104589\/revisions"}],"predecessor-version":[{"id":106735,"href":"https:\/\/hdco.fi\/fi\/wp-json\/wp\/v2\/pages\/104589\/revisions\/106735"}],"wp:featuredmedia":[{"embeddable":true,"href":"https:\/\/hdco.fi\/fi\/wp-json\/wp\/v2\/media\/104287"}],"wp:attachment":[{"href":"https:\/\/hdco.fi\/fi\/wp-json\/wp\/v2\/media?parent=104589"}],"curies":[{"name":"wp","href":"https:\/\/api.w.org\/{rel}","templated":true}]}}