{"id":104605,"date":"2022-06-06T10:20:06","date_gmt":"2022-06-06T07:20:06","guid":{"rendered":"https:\/\/hdco.fi\/?page_id=104605"},"modified":"2025-10-23T10:16:35","modified_gmt":"2025-10-23T07:16:35","slug":"ginit-viinat","status":"publish","type":"page","link":"https:\/\/hdco.fi\/fi\/tuotteet\/ginit-viinat\/","title":{"rendered":"Ginit &#038; viinat"},"content":{"rendered":"<div class=\"wpb-content-wrapper\"><p>[vc_row row_height_percent=&#8221;0&#8243; override_padding=&#8221;yes&#8221; h_padding=&#8221;2&#8243; top_padding=&#8221;5&#8243; bottom_padding=&#8221;2&#8243; back_color=&#8221;color-xsdn&#8221; overlay_alpha=&#8221;50&#8243; gutter_size=&#8221;4&#8243; column_width_percent=&#8221;100&#8243; border_color=&#8221;accent&#8221; border_style=&#8221;solid&#8221; shift_y=&#8221;0&#8243; z_index=&#8221;0&#8243; content_parallax=&#8221;0&#8243; uncode_shortcode_id=&#8221;158656&#8243; back_color_type=&#8221;uncode-palette&#8221; border_color_type=&#8221;uncode-palette&#8221;][vc_column column_width_percent=&#8221;100&#8243; align_horizontal=&#8221;align_center&#8221; gutter_size=&#8221;4&#8243; overlay_alpha=&#8221;50&#8243; shift_x=&#8221;0&#8243; shift_y=&#8221;0&#8243; shift_y_down=&#8221;0&#8243; z_index=&#8221;0&#8243; medium_width=&#8221;0&#8243; mobile_width=&#8221;0&#8243; width=&#8221;1\/1&#8243; uncode_shortcode_id=&#8221;138536&#8243;][vc_row_inner row_inner_height_percent=&#8221;0&#8243; overlay_alpha=&#8221;50&#8243; gutter_size=&#8221;4&#8243; shift_y=&#8221;0&#8243; z_index=&#8221;0&#8243; limit_content=&#8221;&#8221; uncode_shortcode_id=&#8221;134335&#8243;][vc_column_inner column_width_use_pixel=&#8221;yes&#8221; align_horizontal=&#8221;align_center&#8221; gutter_size=&#8221;2&#8243; font_family=&#8221;font-136269&#8243; overlay_alpha=&#8221;50&#8243; shift_x=&#8221;0&#8243; shift_y=&#8221;0&#8243; shift_y_down=&#8221;0&#8243; z_index=&#8221;0&#8243; medium_width=&#8221;0&#8243; mobile_width=&#8221;0&#8243; width=&#8221;1\/1&#8243; uncode_shortcode_id=&#8221;123541&#8243; column_width_pixel=&#8221;600&#8243;][vc_custom_heading text_size=&#8221;fontsize-155944&#8243; text_transform=&#8221;uppercase&#8221; text_height=&#8221;fontheight-179065&#8243; text_space=&#8221;fontspace-781688&#8243; uncode_shortcode_id=&#8221;285221&#8243;]Tislaamotuotteita laadukkaimmista raaka-aineista[\/vc_custom_heading][vc_column_text text_lead=&#8221;yes&#8221; uncode_shortcode_id=&#8221;142492&#8243;]Helsinki Premium Gin ja muut tislaamotuotteemme tehd\u00e4\u00e4n k\u00e4sin parhaista paikallisista raaka-aineista. Inspiraationa Helsinki.[\/vc_column_text][\/vc_column_inner][\/vc_row_inner][\/vc_column][\/vc_row][vc_row unlock_row_content=&#8221;yes&#8221; row_height_percent=&#8221;50&#8243; override_padding=&#8221;yes&#8221; h_padding=&#8221;0&#8243; top_padding=&#8221;0&#8243; bottom_padding=&#8221;0&#8243; overlay_alpha=&#8221;50&#8243; equal_height=&#8221;yes&#8221; gutter_size=&#8221;0&#8243; column_width_percent=&#8221;100&#8243; shift_y=&#8221;0&#8243; z_index=&#8221;0&#8243; content_parallax=&#8221;0&#8243; uncode_shortcode_id=&#8221;190168&#8243; css=&#8221;.vc_custom_1746550630946{border-top-width: 9px !important;border-right-width: 9px !important;border-left-width: 9px !important;}&#8221; row_name=&#8221;spirits&#8221;][vc_column column_width_percent=&#8221;100&#8243; position_vertical=&#8221;middle&#8221; align_horizontal=&#8221;align_center&#8221; gutter_size=&#8221;3&#8243; override_padding=&#8221;yes&#8221; column_padding=&#8221;2&#8243; overlay_alpha=&#8221;24&#8243; border_color=&#8221;accent&#8221; border_style=&#8221;solid&#8221; shift_x=&#8221;0&#8243; shift_y=&#8221;0&#8243; shift_y_down=&#8221;0&#8243; z_index=&#8221;0&#8243; medium_width=&#8221;0&#8243; mobile_width=&#8221;0&#8243; width=&#8221;1\/1&#8243; mobile_height=&#8221;600px&#8221; uncode_shortcode_id=&#8221;253240&#8243; border_color_type=&#8221;uncode-palette&#8221;][uncode_index el_id=&#8221;index-863006&#8243; isotope_mode=&#8221;fitRows&#8221; loop=&#8221;size:20|order_by:date|post_type:portfolio|tax_query:131|taxonomy_count:10&#8243; screen_lg=&#8221;1000&#8243; screen_md=&#8221;600&#8243; screen_sm=&#8221;480&#8243; gutter_size=&#8221;4&#8243; product_items=&#8221;title,media|featured|onpost|original|hide-sale|inherit-atc|inherit-w-atc|atc-typo-default|show-atc,price|default&#8221; single_overlay_opacity=&#8221;1&#8243; single_overlay_anim=&#8221;no&#8221; single_h_align=&#8221;center&#8221; single_padding=&#8221;3&#8243; single_title_dimension=&#8221;h4&#8243; single_title_transform=&#8221;uppercase&#8221; single_border=&#8221;yes&#8221; custom_order=&#8221;yes&#8221; no_double_tap=&#8221;yes&#8221; uncode_shortcode_id=&#8221;201412&#8243; order_ids=&#8221;104637,104648,104636,104638,104641,104634,104635,104643,104649&#8243;][\/vc_column][\/vc_row]<\/p>\n<\/div>","protected":false},"excerpt":{"rendered":"<p>[vc_row row_height_percent=&#8221;0&#8243; override_padding=&#8221;yes&#8221; h_padding=&#8221;2&#8243; top_padding=&#8221;5&#8243; bottom_padding=&#8221;2&#8243; back_color=&#8221;color-xsdn&#8221; overlay_alpha=&#8221;50&#8243; gutter_size=&#8221;4&#8243; column_width_percent=&#8221;100&#8243; border_color=&#8221;accent&#8221; border_style=&#8221;solid&#8221; shift_y=&#8221;0&#8243; z_index=&#8221;0&#8243; content_parallax=&#8221;0&#8243; uncode_shortcode_id=&#8221;158656&#8243; back_color_type=&#8221;uncode-palette&#8221; border_color_type=&#8221;uncode-palette&#8221;][vc_column column_width_percent=&#8221;100&#8243; align_horizontal=&#8221;align_center&#8221; [&hellip;]<\/p>\n","protected":false},"author":1,"featured_media":104315,"parent":104600,"menu_order":0,"comment_status":"closed","ping_status":"closed","template":"","meta":{"_improvement_type_select":"improve_an_existing","_thumb_yes_seoaic":false,"_frame_yes_seoaic":false,"seoaic_generate_description":"","seoaic_improve_instructions_prompt":"","seoaic_rollback_content_improvement":"","seoaic_idea_thumbnail_generator":"","thumbnail_generated":false,"thumbnail_generate_prompt":"","seoaic_article_description":"","footnotes":""},"class_list":["post-104605","page","type-page","status-publish","has-post-thumbnail","hentry"],"yoast_head":"<!-- This site is optimized with the Yoast SEO plugin v26.2 - https:\/\/yoast.com\/wordpress\/plugins\/seo\/ -->\n<title>Ginit &amp; viinat - The Helsinki Distilling Company | hdco.fi<\/title>\n<meta name=\"robots\" content=\"index, follow, max-snippet:-1, max-image-preview:large, max-video-preview:-1\" \/>\n<link rel=\"canonical\" href=\"https:\/\/hdco.fi\/fi\/tuotteet\/ginit-viinat\/\" \/>\n<meta property=\"og:locale\" content=\"fi_FI\" \/>\n<meta property=\"og:type\" content=\"article\" \/>\n<meta property=\"og:title\" content=\"Ginit &amp; viinat - The Helsinki Distilling Company | hdco.fi\" \/>\n<meta property=\"og:description\" content=\"[vc_row row_height_percent=&#8221;0&#8243; override_padding=&#8221;yes&#8221; h_padding=&#8221;2&#8243; top_padding=&#8221;5&#8243; bottom_padding=&#8221;2&#8243; back_color=&#8221;color-xsdn&#8221; overlay_alpha=&#8221;50&#8243; gutter_size=&#8221;4&#8243; column_width_percent=&#8221;100&#8243; border_color=&#8221;accent&#8221; border_style=&#8221;solid&#8221; shift_y=&#8221;0&#8243; z_index=&#8221;0&#8243; content_parallax=&#8221;0&#8243; uncode_shortcode_id=&#8221;158656&#8243; back_color_type=&#8221;uncode-palette&#8221; border_color_type=&#8221;uncode-palette&#8221;][vc_column column_width_percent=&#8221;100&#8243; align_horizontal=&#8221;align_center&#8221; [&hellip;]\" \/>\n<meta property=\"og:url\" content=\"https:\/\/hdco.fi\/fi\/tuotteet\/ginit-viinat\/\" \/>\n<meta property=\"og:site_name\" content=\"The Helsinki Distilling Company | hdco.fi\" \/>\n<meta property=\"article:publisher\" content=\"https:\/\/www.facebook.com\/helsinkidistillingcompany\" \/>\n<meta property=\"article:modified_time\" content=\"2025-10-23T07:16:35+00:00\" \/>\n<meta property=\"og:image\" content=\"https:\/\/hdco.fi\/wp-content\/uploads\/2022\/05\/Helsinki_Spirits-Nelio.jpg\" \/>\n\t<meta property=\"og:image:width\" content=\"500\" \/>\n\t<meta property=\"og:image:height\" content=\"500\" \/>\n\t<meta property=\"og:image:type\" content=\"image\/jpeg\" \/>\n<meta name=\"twitter:card\" content=\"summary_large_image\" \/>\n<meta name=\"twitter:label1\" content=\"Arvioitu lukuaika\" \/>\n\t<meta name=\"twitter:data1\" content=\"1 minuutti\" \/>\n<script type=\"application\/ld+json\" class=\"yoast-schema-graph\">{\"@context\":\"https:\/\/schema.org\",\"@graph\":[{\"@type\":\"WebPage\",\"@id\":\"https:\/\/hdco.fi\/fi\/tuotteet\/ginit-viinat\/\",\"url\":\"https:\/\/hdco.fi\/fi\/tuotteet\/ginit-viinat\/\",\"name\":\"Ginit & viinat - The Helsinki Distilling Company | hdco.fi\",\"isPartOf\":{\"@id\":\"https:\/\/hdco.fi\/fi\/#website\"},\"primaryImageOfPage\":{\"@id\":\"https:\/\/hdco.fi\/fi\/tuotteet\/ginit-viinat\/#primaryimage\"},\"image\":{\"@id\":\"https:\/\/hdco.fi\/fi\/tuotteet\/ginit-viinat\/#primaryimage\"},\"thumbnailUrl\":\"https:\/\/hdco.fi\/wp-content\/uploads\/2022\/05\/Helsinki_Spirits-Nelio.jpg\",\"datePublished\":\"2022-06-06T07:20:06+00:00\",\"dateModified\":\"2025-10-23T07:16:35+00:00\",\"breadcrumb\":{\"@id\":\"https:\/\/hdco.fi\/fi\/tuotteet\/ginit-viinat\/#breadcrumb\"},\"inLanguage\":\"fi\",\"potentialAction\":[{\"@type\":\"ReadAction\",\"target\":[\"https:\/\/hdco.fi\/fi\/tuotteet\/ginit-viinat\/\"]}]},{\"@type\":\"ImageObject\",\"inLanguage\":\"fi\",\"@id\":\"https:\/\/hdco.fi\/fi\/tuotteet\/ginit-viinat\/#primaryimage\",\"url\":\"https:\/\/hdco.fi\/wp-content\/uploads\/2022\/05\/Helsinki_Spirits-Nelio.jpg\",\"contentUrl\":\"https:\/\/hdco.fi\/wp-content\/uploads\/2022\/05\/Helsinki_Spirits-Nelio.jpg\",\"width\":500,\"height\":500},{\"@type\":\"BreadcrumbList\",\"@id\":\"https:\/\/hdco.fi\/fi\/tuotteet\/ginit-viinat\/#breadcrumb\",\"itemListElement\":[{\"@type\":\"ListItem\",\"position\":1,\"name\":\"Home\",\"item\":\"https:\/\/hdco.fi\/fi\/\"},{\"@type\":\"ListItem\",\"position\":2,\"name\":\"Tuotteet\",\"item\":\"https:\/\/hdco.fi\/fi\/tuotteet\/\"},{\"@type\":\"ListItem\",\"position\":3,\"name\":\"Ginit &#038; viinat\"}]},{\"@type\":\"WebSite\",\"@id\":\"https:\/\/hdco.fi\/fi\/#website\",\"url\":\"https:\/\/hdco.fi\/fi\/\",\"name\":\"The Helsinki Distilling Company | hdco.fi\",\"description\":\"HEL of a Spirit\",\"publisher\":{\"@id\":\"https:\/\/hdco.fi\/fi\/#organization\"},\"potentialAction\":[{\"@type\":\"SearchAction\",\"target\":{\"@type\":\"EntryPoint\",\"urlTemplate\":\"https:\/\/hdco.fi\/fi\/?s={search_term_string}\"},\"query-input\":{\"@type\":\"PropertyValueSpecification\",\"valueRequired\":true,\"valueName\":\"search_term_string\"}}],\"inLanguage\":\"fi\"},{\"@type\":\"Organization\",\"@id\":\"https:\/\/hdco.fi\/fi\/#organization\",\"name\":\"The Helsinki Distilling Company\",\"url\":\"https:\/\/hdco.fi\/fi\/\",\"logo\":{\"@type\":\"ImageObject\",\"inLanguage\":\"fi\",\"@id\":\"https:\/\/hdco.fi\/fi\/#\/schema\/logo\/image\/\",\"url\":\"https:\/\/hdco.fi\/wp-content\/uploads\/2022\/01\/HDCOlogo.png\",\"contentUrl\":\"https:\/\/hdco.fi\/wp-content\/uploads\/2022\/01\/HDCOlogo.png\",\"width\":240,\"height\":240,\"caption\":\"The Helsinki Distilling Company\"},\"image\":{\"@id\":\"https:\/\/hdco.fi\/fi\/#\/schema\/logo\/image\/\"},\"sameAs\":[\"https:\/\/www.facebook.com\/helsinkidistillingcompany\",\"https:\/\/www.instagram.com\/helsinkidistilling\/?hl=fi\"]}]}<\/script>\n<!-- \/ Yoast SEO plugin. -->","yoast_head_json":{"title":"Ginit & viinat - The Helsinki Distilling Company | hdco.fi","robots":{"index":"index","follow":"follow","max-snippet":"max-snippet:-1","max-image-preview":"max-image-preview:large","max-video-preview":"max-video-preview:-1"},"canonical":"https:\/\/hdco.fi\/fi\/tuotteet\/ginit-viinat\/","og_locale":"fi_FI","og_type":"article","og_title":"Ginit & viinat - The Helsinki Distilling Company | hdco.fi","og_description":"[vc_row row_height_percent=&#8221;0&#8243; override_padding=&#8221;yes&#8221; h_padding=&#8221;2&#8243; top_padding=&#8221;5&#8243; bottom_padding=&#8221;2&#8243; back_color=&#8221;color-xsdn&#8221; overlay_alpha=&#8221;50&#8243; gutter_size=&#8221;4&#8243; column_width_percent=&#8221;100&#8243; border_color=&#8221;accent&#8221; border_style=&#8221;solid&#8221; shift_y=&#8221;0&#8243; z_index=&#8221;0&#8243; content_parallax=&#8221;0&#8243; uncode_shortcode_id=&#8221;158656&#8243; back_color_type=&#8221;uncode-palette&#8221; border_color_type=&#8221;uncode-palette&#8221;][vc_column column_width_percent=&#8221;100&#8243; align_horizontal=&#8221;align_center&#8221; [&hellip;]","og_url":"https:\/\/hdco.fi\/fi\/tuotteet\/ginit-viinat\/","og_site_name":"The Helsinki Distilling Company | hdco.fi","article_publisher":"https:\/\/www.facebook.com\/helsinkidistillingcompany","article_modified_time":"2025-10-23T07:16:35+00:00","og_image":[{"width":500,"height":500,"url":"https:\/\/hdco.fi\/wp-content\/uploads\/2022\/05\/Helsinki_Spirits-Nelio.jpg","type":"image\/jpeg"}],"twitter_card":"summary_large_image","twitter_misc":{"Arvioitu lukuaika":"1 minuutti"},"schema":{"@context":"https:\/\/schema.org","@graph":[{"@type":"WebPage","@id":"https:\/\/hdco.fi\/fi\/tuotteet\/ginit-viinat\/","url":"https:\/\/hdco.fi\/fi\/tuotteet\/ginit-viinat\/","name":"Ginit & viinat - The Helsinki Distilling Company | hdco.fi","isPartOf":{"@id":"https:\/\/hdco.fi\/fi\/#website"},"primaryImageOfPage":{"@id":"https:\/\/hdco.fi\/fi\/tuotteet\/ginit-viinat\/#primaryimage"},"image":{"@id":"https:\/\/hdco.fi\/fi\/tuotteet\/ginit-viinat\/#primaryimage"},"thumbnailUrl":"https:\/\/hdco.fi\/wp-content\/uploads\/2022\/05\/Helsinki_Spirits-Nelio.jpg","datePublished":"2022-06-06T07:20:06+00:00","dateModified":"2025-10-23T07:16:35+00:00","breadcrumb":{"@id":"https:\/\/hdco.fi\/fi\/tuotteet\/ginit-viinat\/#breadcrumb"},"inLanguage":"fi","potentialAction":[{"@type":"ReadAction","target":["https:\/\/hdco.fi\/fi\/tuotteet\/ginit-viinat\/"]}]},{"@type":"ImageObject","inLanguage":"fi","@id":"https:\/\/hdco.fi\/fi\/tuotteet\/ginit-viinat\/#primaryimage","url":"https:\/\/hdco.fi\/wp-content\/uploads\/2022\/05\/Helsinki_Spirits-Nelio.jpg","contentUrl":"https:\/\/hdco.fi\/wp-content\/uploads\/2022\/05\/Helsinki_Spirits-Nelio.jpg","width":500,"height":500},{"@type":"BreadcrumbList","@id":"https:\/\/hdco.fi\/fi\/tuotteet\/ginit-viinat\/#breadcrumb","itemListElement":[{"@type":"ListItem","position":1,"name":"Home","item":"https:\/\/hdco.fi\/fi\/"},{"@type":"ListItem","position":2,"name":"Tuotteet","item":"https:\/\/hdco.fi\/fi\/tuotteet\/"},{"@type":"ListItem","position":3,"name":"Ginit &#038; viinat"}]},{"@type":"WebSite","@id":"https:\/\/hdco.fi\/fi\/#website","url":"https:\/\/hdco.fi\/fi\/","name":"The Helsinki Distilling Company | hdco.fi","description":"HEL of a Spirit","publisher":{"@id":"https:\/\/hdco.fi\/fi\/#organization"},"potentialAction":[{"@type":"SearchAction","target":{"@type":"EntryPoint","urlTemplate":"https:\/\/hdco.fi\/fi\/?s={search_term_string}"},"query-input":{"@type":"PropertyValueSpecification","valueRequired":true,"valueName":"search_term_string"}}],"inLanguage":"fi"},{"@type":"Organization","@id":"https:\/\/hdco.fi\/fi\/#organization","name":"The Helsinki Distilling Company","url":"https:\/\/hdco.fi\/fi\/","logo":{"@type":"ImageObject","inLanguage":"fi","@id":"https:\/\/hdco.fi\/fi\/#\/schema\/logo\/image\/","url":"https:\/\/hdco.fi\/wp-content\/uploads\/2022\/01\/HDCOlogo.png","contentUrl":"https:\/\/hdco.fi\/wp-content\/uploads\/2022\/01\/HDCOlogo.png","width":240,"height":240,"caption":"The Helsinki Distilling Company"},"image":{"@id":"https:\/\/hdco.fi\/fi\/#\/schema\/logo\/image\/"},"sameAs":["https:\/\/www.facebook.com\/helsinkidistillingcompany","https:\/\/www.instagram.com\/helsinkidistilling\/?hl=fi"]}]}},"_links":{"self":[{"href":"https:\/\/hdco.fi\/fi\/wp-json\/wp\/v2\/pages\/104605","targetHints":{"allow":["GET"]}}],"collection":[{"href":"https:\/\/hdco.fi\/fi\/wp-json\/wp\/v2\/pages"}],"about":[{"href":"https:\/\/hdco.fi\/fi\/wp-json\/wp\/v2\/types\/page"}],"author":[{"embeddable":true,"href":"https:\/\/hdco.fi\/fi\/wp-json\/wp\/v2\/users\/1"}],"replies":[{"embeddable":true,"href":"https:\/\/hdco.fi\/fi\/wp-json\/wp\/v2\/comments?post=104605"}],"version-history":[{"count":2,"href":"https:\/\/hdco.fi\/fi\/wp-json\/wp\/v2\/pages\/104605\/revisions"}],"predecessor-version":[{"id":106375,"href":"https:\/\/hdco.fi\/fi\/wp-json\/wp\/v2\/pages\/104605\/revisions\/106375"}],"up":[{"embeddable":true,"href":"https:\/\/hdco.fi\/fi\/wp-json\/wp\/v2\/pages\/104600"}],"wp:featuredmedia":[{"embeddable":true,"href":"https:\/\/hdco.fi\/fi\/wp-json\/wp\/v2\/media\/104315"}],"wp:attachment":[{"href":"https:\/\/hdco.fi\/fi\/wp-json\/wp\/v2\/media?parent=104605"}],"curies":[{"name":"wp","href":"https:\/\/api.w.org\/{rel}","templated":true}]}}