{"id":104625,"date":"2022-06-10T14:10:08","date_gmt":"2022-06-10T11:10:08","guid":{"rendered":"https:\/\/hdco.fi\/?page_id=104625"},"modified":"2022-09-30T18:17:10","modified_gmt":"2022-09-30T15:17:10","slug":"viskitynnyrit","status":"publish","type":"page","link":"https:\/\/hdco.fi\/fi\/viskitynnyrit\/","title":{"rendered":"Viskitynnyrit"},"content":{"rendered":"<div class=\"wpb-content-wrapper\"><p>[vc_row row_height_percent=&#8221;0&#8243; override_padding=&#8221;yes&#8221; h_padding=&#8221;2&#8243; top_padding=&#8221;4&#8243; bottom_padding=&#8221;4&#8243; back_color=&#8221;color-lxmt&#8221; overlay_alpha=&#8221;50&#8243; gutter_size=&#8221;4&#8243; column_width_percent=&#8221;100&#8243; border_color=&#8221;accent&#8221; border_style=&#8221;solid&#8221; shift_y=&#8221;0&#8243; z_index=&#8221;0&#8243; uncode_shortcode_id=&#8221;165879&#8243; back_color_type=&#8221;uncode-palette&#8221; border_color_type=&#8221;uncode-palette&#8221;][vc_column column_width_percent=&#8221;100&#8243; align_horizontal=&#8221;align_center&#8221; gutter_size=&#8221;4&#8243; overlay_alpha=&#8221;50&#8243; shift_x=&#8221;0&#8243; shift_y=&#8221;0&#8243; shift_y_down=&#8221;0&#8243; z_index=&#8221;0&#8243; medium_width=&#8221;0&#8243; mobile_width=&#8221;0&#8243; width=&#8221;1\/1&#8243; uncode_shortcode_id=&#8221;138536&#8243;][vc_row_inner row_inner_height_percent=&#8221;0&#8243; overlay_alpha=&#8221;50&#8243; gutter_size=&#8221;4&#8243; shift_y=&#8221;0&#8243; z_index=&#8221;0&#8243; limit_content=&#8221;&#8221; uncode_shortcode_id=&#8221;134335&#8243;][vc_column_inner column_width_use_pixel=&#8221;yes&#8221; align_horizontal=&#8221;align_center&#8221; gutter_size=&#8221;3&#8243; font_family=&#8221;font-136269&#8243; overlay_alpha=&#8221;50&#8243; shift_x=&#8221;0&#8243; shift_y=&#8221;0&#8243; shift_y_down=&#8221;0&#8243; z_index=&#8221;0&#8243; medium_width=&#8221;0&#8243; align_mobile=&#8221;align_left_mobile&#8221; mobile_width=&#8221;0&#8243; width=&#8221;1\/1&#8243; uncode_shortcode_id=&#8221;518513&#8243; column_width_pixel=&#8221;600&#8243;][vc_custom_heading text_size=&#8221;fontsize-155944&#8243; text_transform=&#8221;uppercase&#8221; text_height=&#8221;fontheight-179065&#8243; text_space=&#8221;fontspace-781688&#8243; uncode_shortcode_id=&#8221;652735&#8243;]Viski\u00e4 tynnyriss\u00e4![\/vc_custom_heading][vc_column_text text_lead=&#8221;yes&#8221; uncode_shortcode_id=&#8221;154500&#8243;]The Helsinki Distilling Company tarjoaa viskinyst\u00e4ville ainutlaatuisen mahdollisuuden ostaa tynnyrin k\u00e4sity\u00f6n\u00e4 valmistettua ruis- tai mallasviski\u00e4 joko Helsingin tai Tahkon tislaamoltamme. Tyytyv\u00e4isyystakuulla, tietenkin.[\/vc_column_text][\/vc_column_inner][\/vc_row_inner][\/vc_column][\/vc_row][vc_row row_height_percent=&#8221;0&#8243; override_padding=&#8221;yes&#8221; h_padding=&#8221;2&#8243; top_padding=&#8221;0&#8243; bottom_padding=&#8221;3&#8243; back_color=&#8221;color-lxmt&#8221; overlay_alpha=&#8221;50&#8243; equal_height=&#8221;yes&#8221; gutter_size=&#8221;4&#8243; column_width_percent=&#8221;100&#8243; shift_y=&#8221;0&#8243; z_index=&#8221;0&#8243; uncode_shortcode_id=&#8221;861867&#8243; back_color_type=&#8221;uncode-palette&#8221;][vc_column column_width_percent=&#8221;90&#8243; gutter_size=&#8221;3&#8243; overlay_alpha=&#8221;50&#8243; shift_x=&#8221;0&#8243; shift_y=&#8221;0&#8243; shift_y_down=&#8221;0&#8243; z_index=&#8221;0&#8243; medium_width=&#8221;4&#8243; mobile_width=&#8221;0&#8243; width=&#8221;1\/2&#8243; uncode_shortcode_id=&#8221;200264&#8243;][vc_custom_heading heading_semantic=&#8221;h3&#8243; uncode_shortcode_id=&#8221;833387&#8243;]Varaamalla tynnyrin saat[\/vc_custom_heading][vc_column_text uncode_shortcode_id=&#8221;153041&#8243;]<\/p>\n<ul>\n<li>Valita viskin, tynnyrimateriaalin ja kypsymisajan<\/li>\n<li>Osallistua tynnyrin t\u00e4ytt\u00f6\u00f6n<\/li>\n<li>Tynnyrisertifikaatin<\/li>\n<li>Kutsun vuosittaiseen tynnyrinomistajien juhlaan<\/li>\n<li>S\u00e4\u00e4nn\u00f6lliset k\u00e4ynnit viskin kypsymisen ja maun seuraamiseen<\/li>\n<li>Yksil\u00f6llisen etiketin pulloillesi<\/li>\n<\/ul>\n<p>[\/vc_column_text][\/vc_column][vc_column column_width_percent=&#8221;90&#8243; gutter_size=&#8221;3&#8243; overlay_alpha=&#8221;50&#8243; shift_x=&#8221;0&#8243; shift_y=&#8221;0&#8243; shift_y_down=&#8221;0&#8243; z_index=&#8221;0&#8243; medium_width=&#8221;4&#8243; mobile_width=&#8221;0&#8243; width=&#8221;1\/2&#8243; uncode_shortcode_id=&#8221;194182&#8243;][vc_custom_heading heading_semantic=&#8221;h3&#8243; uncode_shortcode_id=&#8221;820443&#8243;]Viskilaadut[\/vc_custom_heading][vc_column_text uncode_shortcode_id=&#8221;796346&#8243;]Valitse yksi seuraavista. Autamme ja opastamme sinua mieluusti viskilaadun ja tynnyrin valinnassa.<\/p>\n<ul>\n<li><strong>Rye Malt<\/strong><\/li>\n<li><strong>100 % Rye Malt<\/strong><\/li>\n<li><strong>Single Malt<br \/>\n<\/strong><\/li>\n<\/ul>\n<p>[\/vc_column_text][\/vc_column][\/vc_row][vc_row row_height_percent=&#8221;0&#8243; override_padding=&#8221;yes&#8221; h_padding=&#8221;2&#8243; top_padding=&#8221;2&#8243; bottom_padding=&#8221;4&#8243; back_color=&#8221;color-lxmt&#8221; overlay_alpha=&#8221;50&#8243; gutter_size=&#8221;4&#8243; column_width_percent=&#8221;100&#8243; border_color=&#8221;accent&#8221; border_style=&#8221;solid&#8221; shift_y=&#8221;0&#8243; z_index=&#8221;0&#8243; uncode_shortcode_id=&#8221;342816&#8243; back_color_type=&#8221;uncode-palette&#8221; border_color_type=&#8221;uncode-palette&#8221;][vc_column column_width_percent=&#8221;100&#8243; align_horizontal=&#8221;align_center&#8221; gutter_size=&#8221;4&#8243; overlay_alpha=&#8221;50&#8243; shift_x=&#8221;0&#8243; shift_y=&#8221;0&#8243; shift_y_down=&#8221;0&#8243; z_index=&#8221;0&#8243; medium_width=&#8221;0&#8243; mobile_width=&#8221;0&#8243; width=&#8221;1\/1&#8243; uncode_shortcode_id=&#8221;138536&#8243;][vc_single_image media=&#8221;103681&#8243; media_width_percent=&#8221;100&#8243; media_ratio=&#8221;sixteen-nine&#8221; uncode_shortcode_id=&#8221;162430&#8243;][\/vc_column][\/vc_row][vc_row row_height_percent=&#8221;0&#8243; override_padding=&#8221;yes&#8221; h_padding=&#8221;2&#8243; top_padding=&#8221;0&#8243; bottom_padding=&#8221;3&#8243; back_color=&#8221;color-lxmt&#8221; overlay_alpha=&#8221;50&#8243; equal_height=&#8221;yes&#8221; gutter_size=&#8221;4&#8243; column_width_percent=&#8221;100&#8243; shift_y=&#8221;0&#8243; z_index=&#8221;0&#8243; uncode_shortcode_id=&#8221;861867&#8243; back_color_type=&#8221;uncode-palette&#8221;][vc_column column_width_percent=&#8221;90&#8243; gutter_size=&#8221;3&#8243; overlay_alpha=&#8221;50&#8243; shift_x=&#8221;0&#8243; shift_y=&#8221;0&#8243; shift_y_down=&#8221;0&#8243; z_index=&#8221;0&#8243; medium_width=&#8221;4&#8243; mobile_width=&#8221;0&#8243; width=&#8221;1\/2&#8243; uncode_shortcode_id=&#8221;104992&#8243;][vc_custom_heading heading_semantic=&#8221;h3&#8243; uncode_shortcode_id=&#8221;194194&#8243;]Tynnyrilaadut[\/vc_custom_heading][vc_column_text uncode_shortcode_id=&#8221;176112&#8243;]Valitse tynnyrin materiaali.<\/p>\n<ul>\n<li>28L French<\/li>\n<li>55L French<\/li>\n<li>64L American<\/li>\n<li>64L American Ex-oloroso<\/li>\n<li>190L American virgin oak tai 1st fill<\/li>\n<li>225L American Ex-sherry<\/li>\n<\/ul>\n<p>Jokainen tammitynnyri antaa siin\u00e4 kypsyv\u00e4lle viskille oman, uniikin aromin ja persoonan, jota ei voi t\u00e4ysin etuk\u00e4teen m\u00e4\u00e4ritell\u00e4. Se on itsess\u00e4\u00e4n yksi viskinvalmistuksen hienouksia.<\/p>\n<p>Tislaajamestarimme opasstavat sinua tynnyrin valinnassa ja vastaa kaikkiin kysymyksiisi siit\u00e4, miten eri laadut vaikuttavat viskin makuprofiiliin.[\/vc_column_text][\/vc_column][vc_column column_width_percent=&#8221;90&#8243; gutter_size=&#8221;3&#8243; overlay_alpha=&#8221;50&#8243; shift_x=&#8221;0&#8243; shift_y=&#8221;0&#8243; shift_y_down=&#8221;0&#8243; z_index=&#8221;0&#8243; medium_width=&#8221;4&#8243; mobile_width=&#8221;0&#8243; width=&#8221;1\/2&#8243; uncode_shortcode_id=&#8221;705008&#8243;][vc_custom_heading heading_semantic=&#8221;h3&#8243; uncode_shortcode_id=&#8221;203005&#8243;]Kypsyminen[\/vc_custom_heading][vc_column_text uncode_shortcode_id=&#8221;993148&#8243;]Riippuen tynnyrityypist\u00e4 kypsyminen kest\u00e4\u00e4 kolmesta seitsem\u00e4\u00e4n vuotta. Viski kypsytet\u00e4\u00e4n sille suunnitellussa varastotilassa, jossa seuraamme jokaisen tynnyrin kypsymist\u00e4 s\u00e4\u00e4nn\u00f6llisesti. Viskin t\u00e4ytyy kypsy\u00e4 v\u00e4hint\u00e4\u00e4n kolme vuotta &#8211; pieniss\u00e4 tynnyreiss\u00e4 t\u00e4m\u00e4 riitt\u00e4\u00e4, mutta suuremmat tynnyrit vaativat enemm\u00e4n aikaa. Tislaajamestarimme Mikko Mykk\u00e4nen seuraa jokaisen tynnyrin kypsymist\u00e4 ja suosittelee optimaalista ajankohtaa viskisi pullotukselle.[\/vc_column_text][\/vc_column][\/vc_row][vc_row row_height_percent=&#8221;0&#8243; override_padding=&#8221;yes&#8221; h_padding=&#8221;2&#8243; top_padding=&#8221;2&#8243; bottom_padding=&#8221;4&#8243; back_color=&#8221;color-lxmt&#8221; overlay_alpha=&#8221;50&#8243; gutter_size=&#8221;4&#8243; column_width_percent=&#8221;100&#8243; border_color=&#8221;accent&#8221; border_style=&#8221;solid&#8221; shift_y=&#8221;0&#8243; z_index=&#8221;0&#8243; uncode_shortcode_id=&#8221;342816&#8243; back_color_type=&#8221;uncode-palette&#8221; border_color_type=&#8221;uncode-palette&#8221;][vc_column column_width_percent=&#8221;100&#8243; align_horizontal=&#8221;align_center&#8221; gutter_size=&#8221;4&#8243; overlay_alpha=&#8221;50&#8243; shift_x=&#8221;0&#8243; shift_y=&#8221;0&#8243; shift_y_down=&#8221;0&#8243; z_index=&#8221;0&#8243; medium_width=&#8221;0&#8243; mobile_width=&#8221;0&#8243; width=&#8221;1\/1&#8243; uncode_shortcode_id=&#8221;138536&#8243;][vc_row_inner row_inner_height_percent=&#8221;0&#8243; overlay_alpha=&#8221;50&#8243; gutter_size=&#8221;4&#8243; shift_y=&#8221;0&#8243; z_index=&#8221;0&#8243; limit_content=&#8221;&#8221; uncode_shortcode_id=&#8221;134335&#8243;][vc_column_inner column_width_use_pixel=&#8221;yes&#8221; align_horizontal=&#8221;align_center&#8221; gutter_size=&#8221;3&#8243; font_family=&#8221;font-136269&#8243; overlay_alpha=&#8221;50&#8243; shift_x=&#8221;0&#8243; shift_y=&#8221;0&#8243; shift_y_down=&#8221;0&#8243; z_index=&#8221;0&#8243; medium_width=&#8221;0&#8243; align_mobile=&#8221;align_left_mobile&#8221; mobile_width=&#8221;0&#8243; width=&#8221;1\/1&#8243; uncode_shortcode_id=&#8221;845459&#8243; column_width_pixel=&#8221;600&#8243;][vc_custom_heading text_size=&#8221;fontsize-155944&#8243; text_transform=&#8221;uppercase&#8221; text_height=&#8221;fontheight-179065&#8243; text_space=&#8221;fontspace-781688&#8243; uncode_shortcode_id=&#8221;105259&#8243;]Kiinnostunut tilaamaan ikioman viskitynnyrin?[\/vc_custom_heading][vc_column_text text_lead=&#8221;yes&#8221; uncode_shortcode_id=&#8221;111633&#8243;]Annamme mielell\u00e4mme lis\u00e4\u00e4 tietoa prosessistamme ja eri mahdollisuuksista. Ota yhteytt\u00e4![\/vc_column_text][\/vc_column_inner][\/vc_row_inner][vc_row_inner row_inner_height_percent=&#8221;0&#8243; overlay_alpha=&#8221;50&#8243; gutter_size=&#8221;4&#8243; shift_y=&#8221;0&#8243; z_index=&#8221;0&#8243; limit_content=&#8221;&#8221; uncode_shortcode_id=&#8221;134335&#8243;][vc_column_inner column_width_use_pixel=&#8221;yes&#8221; align_horizontal=&#8221;align_center&#8221; gutter_size=&#8221;3&#8243; font_family=&#8221;font-136269&#8243; overlay_alpha=&#8221;50&#8243; shift_x=&#8221;0&#8243; shift_y=&#8221;0&#8243; shift_y_down=&#8221;0&#8243; z_index=&#8221;0&#8243; medium_width=&#8221;0&#8243; align_mobile=&#8221;align_left_mobile&#8221; mobile_width=&#8221;0&#8243; width=&#8221;1\/1&#8243; uncode_shortcode_id=&#8221;448000&#8243; column_width_pixel=&#8221;600&#8243;][vc_column_text text_lead=&#8221;yes&#8221; uncode_shortcode_id=&#8221;901998&#8243;]<\/p>\n<div class=\"heading-text el-text\">\n<h3 class=\"h2\">info@hdco.fi<\/h3>\n<\/div>\n<p>[\/vc_column_text][\/vc_column_inner][\/vc_row_inner][\/vc_column][\/vc_row][vc_row row_height_percent=&#8221;80&#8243; override_padding=&#8221;yes&#8221; h_padding=&#8221;5&#8243; top_padding=&#8221;5&#8243; bottom_padding=&#8221;5&#8243; back_color=&#8221;color-prif&#8221; back_image=&#8221;103659&#8243; overlay_color=&#8221;color-nhtu&#8221; overlay_alpha=&#8221;50&#8243; gutter_size=&#8221;3&#8243; column_width_percent=&#8221;100&#8243; border_color=&#8221;color-jevc&#8221; border_style=&#8221;solid&#8221; shift_y=&#8221;0&#8243; z_index=&#8221;0&#8243; uncode_shortcode_id=&#8221;871517&#8243; back_color_type=&#8221;uncode-palette&#8221; overlay_color_type=&#8221;uncode-palette&#8221; border_color_type=&#8221;uncode-palette&#8221;][vc_column column_width_use_pixel=&#8221;yes&#8221; position_vertical=&#8221;middle&#8221; align_horizontal=&#8221;align_center&#8221; gutter_size=&#8221;4&#8243; style=&#8221;dark&#8221; font_family=&#8221;font-136269&#8243; overlay_alpha=&#8221;50&#8243; shift_x=&#8221;0&#8243; shift_y=&#8221;0&#8243; shift_y_down=&#8221;0&#8243; z_index=&#8221;0&#8243; medium_width=&#8221;0&#8243; mobile_width=&#8221;0&#8243; width=&#8221;1\/1&#8243; uncode_shortcode_id=&#8221;187033&#8243; column_width_pixel=&#8221;600px&#8221;][vc_custom_heading text_size=&#8221;fontsize-155944&#8243; text_transform=&#8221;uppercase&#8221; text_space=&#8221;fontspace-781688&#8243; uncode_shortcode_id=&#8221;141392&#8243;]The Helsinki Whiskey Cellar[\/vc_custom_heading][vc_column_text text_lead=&#8221;yes&#8221; uncode_shortcode_id=&#8221;112679&#8243;]<b>Maailmanluokan viskikellari ja ainutlaatuinen tapahtumatila<br \/>\n<\/b><\/p>\n<p>The Helsinki Whiskey Cellar on 160-vuotias, katseilta piilossa oleva helmi Helsingin gastrokulttuurin syd\u00e4mess\u00e4. Kellarissa j\u00e4rjestet\u00e4\u00e4n kierroksia, tastingeja, pieni\u00e4 tilaisuuksia ja viskitynnyrien myynti\u00e4.[\/vc_column_text][vc_button size=&#8221;btn-lg&#8221; outline=&#8221;yes&#8221; text_skin=&#8221;yes&#8221; custom_typo=&#8221;yes&#8221; font_family=&#8221;font-136269&#8243; font_weight=&#8221;400&#8243; border_width=&#8221;0&#8243; icon_position=&#8221;right&#8221; link=&#8221;url:https%3A%2F%2Fhdco.fi%2Ffi%2Fviskikellari%2F|title:Viskikellari&#8221; uncode_shortcode_id=&#8221;144032&#8243; icon=&#8221;fa fa-arrow-right2&#8243;]Vieraile kellarissa[\/vc_button][\/vc_column][\/vc_row]<\/p>\n<\/div>","protected":false},"excerpt":{"rendered":"<p>[vc_row row_height_percent=&#8221;0&#8243; override_padding=&#8221;yes&#8221; h_padding=&#8221;2&#8243; top_padding=&#8221;4&#8243; bottom_padding=&#8221;4&#8243; back_color=&#8221;color-lxmt&#8221; overlay_alpha=&#8221;50&#8243; gutter_size=&#8221;4&#8243; column_width_percent=&#8221;100&#8243; border_color=&#8221;accent&#8221; border_style=&#8221;solid&#8221; shift_y=&#8221;0&#8243; z_index=&#8221;0&#8243; uncode_shortcode_id=&#8221;165879&#8243; back_color_type=&#8221;uncode-palette&#8221; border_color_type=&#8221;uncode-palette&#8221;][vc_column column_width_percent=&#8221;100&#8243; align_horizontal=&#8221;align_center&#8221; gutter_size=&#8221;4&#8243; [&hellip;]<\/p>\n","protected":false},"author":1,"featured_media":103678,"parent":0,"menu_order":0,"comment_status":"closed","ping_status":"closed","template":"","meta":{"_improvement_type_select":"improve_an_existing","_thumb_yes_seoaic":false,"_frame_yes_seoaic":false,"seoaic_generate_description":"","seoaic_improve_instructions_prompt":"","seoaic_rollback_content_improvement":"","seoaic_idea_thumbnail_generator":"","thumbnail_generated":false,"thumbnail_generate_prompt":"","seoaic_article_description":"","footnotes":""},"class_list":["post-104625","page","type-page","status-publish","has-post-thumbnail","hentry"],"yoast_head":"<!-- This site is optimized with the Yoast SEO plugin v26.2 - https:\/\/yoast.com\/wordpress\/plugins\/seo\/ -->\n<title>Viskitynnyrit - The Helsinki Distilling Company | hdco.fi<\/title>\n<meta name=\"robots\" content=\"index, follow, max-snippet:-1, max-image-preview:large, max-video-preview:-1\" \/>\n<link rel=\"canonical\" href=\"https:\/\/hdco.fi\/fi\/viskitynnyrit\/\" \/>\n<meta property=\"og:locale\" content=\"fi_FI\" \/>\n<meta property=\"og:type\" content=\"article\" \/>\n<meta property=\"og:title\" content=\"Viskitynnyrit - The Helsinki Distilling Company | hdco.fi\" \/>\n<meta property=\"og:description\" content=\"[vc_row row_height_percent=&#8221;0&#8243; override_padding=&#8221;yes&#8221; h_padding=&#8221;2&#8243; top_padding=&#8221;4&#8243; bottom_padding=&#8221;4&#8243; back_color=&#8221;color-lxmt&#8221; overlay_alpha=&#8221;50&#8243; gutter_size=&#8221;4&#8243; column_width_percent=&#8221;100&#8243; border_color=&#8221;accent&#8221; border_style=&#8221;solid&#8221; shift_y=&#8221;0&#8243; z_index=&#8221;0&#8243; uncode_shortcode_id=&#8221;165879&#8243; back_color_type=&#8221;uncode-palette&#8221; border_color_type=&#8221;uncode-palette&#8221;][vc_column column_width_percent=&#8221;100&#8243; align_horizontal=&#8221;align_center&#8221; gutter_size=&#8221;4&#8243; [&hellip;]\" \/>\n<meta property=\"og:url\" content=\"https:\/\/hdco.fi\/fi\/viskitynnyrit\/\" \/>\n<meta property=\"og:site_name\" content=\"The Helsinki Distilling Company | hdco.fi\" \/>\n<meta property=\"article:publisher\" content=\"https:\/\/www.facebook.com\/helsinkidistillingcompany\" \/>\n<meta property=\"article:modified_time\" content=\"2022-09-30T15:17:10+00:00\" \/>\n<meta property=\"og:image\" content=\"https:\/\/hdco.fi\/wp-content\/uploads\/2022\/04\/Hdco_casks.jpg\" \/>\n\t<meta property=\"og:image:width\" content=\"750\" \/>\n\t<meta property=\"og:image:height\" content=\"750\" \/>\n\t<meta property=\"og:image:type\" content=\"image\/jpeg\" \/>\n<meta name=\"twitter:card\" content=\"summary_large_image\" \/>\n<meta name=\"twitter:label1\" content=\"Arvioitu lukuaika\" \/>\n\t<meta name=\"twitter:data1\" content=\"3 minuuttia\" \/>\n<script type=\"application\/ld+json\" class=\"yoast-schema-graph\">{\"@context\":\"https:\/\/schema.org\",\"@graph\":[{\"@type\":\"WebPage\",\"@id\":\"https:\/\/hdco.fi\/fi\/viskitynnyrit\/\",\"url\":\"https:\/\/hdco.fi\/fi\/viskitynnyrit\/\",\"name\":\"Viskitynnyrit - The Helsinki Distilling Company | hdco.fi\",\"isPartOf\":{\"@id\":\"https:\/\/hdco.fi\/fi\/#website\"},\"primaryImageOfPage\":{\"@id\":\"https:\/\/hdco.fi\/fi\/viskitynnyrit\/#primaryimage\"},\"image\":{\"@id\":\"https:\/\/hdco.fi\/fi\/viskitynnyrit\/#primaryimage\"},\"thumbnailUrl\":\"https:\/\/hdco.fi\/wp-content\/uploads\/2022\/04\/Hdco_casks.jpg\",\"datePublished\":\"2022-06-10T11:10:08+00:00\",\"dateModified\":\"2022-09-30T15:17:10+00:00\",\"breadcrumb\":{\"@id\":\"https:\/\/hdco.fi\/fi\/viskitynnyrit\/#breadcrumb\"},\"inLanguage\":\"fi\",\"potentialAction\":[{\"@type\":\"ReadAction\",\"target\":[\"https:\/\/hdco.fi\/fi\/viskitynnyrit\/\"]}]},{\"@type\":\"ImageObject\",\"inLanguage\":\"fi\",\"@id\":\"https:\/\/hdco.fi\/fi\/viskitynnyrit\/#primaryimage\",\"url\":\"https:\/\/hdco.fi\/wp-content\/uploads\/2022\/04\/Hdco_casks.jpg\",\"contentUrl\":\"https:\/\/hdco.fi\/wp-content\/uploads\/2022\/04\/Hdco_casks.jpg\",\"width\":750,\"height\":750},{\"@type\":\"BreadcrumbList\",\"@id\":\"https:\/\/hdco.fi\/fi\/viskitynnyrit\/#breadcrumb\",\"itemListElement\":[{\"@type\":\"ListItem\",\"position\":1,\"name\":\"Home\",\"item\":\"https:\/\/hdco.fi\/fi\/\"},{\"@type\":\"ListItem\",\"position\":2,\"name\":\"Viskitynnyrit\"}]},{\"@type\":\"WebSite\",\"@id\":\"https:\/\/hdco.fi\/fi\/#website\",\"url\":\"https:\/\/hdco.fi\/fi\/\",\"name\":\"The Helsinki Distilling Company | hdco.fi\",\"description\":\"HEL of a Spirit\",\"publisher\":{\"@id\":\"https:\/\/hdco.fi\/fi\/#organization\"},\"potentialAction\":[{\"@type\":\"SearchAction\",\"target\":{\"@type\":\"EntryPoint\",\"urlTemplate\":\"https:\/\/hdco.fi\/fi\/?s={search_term_string}\"},\"query-input\":{\"@type\":\"PropertyValueSpecification\",\"valueRequired\":true,\"valueName\":\"search_term_string\"}}],\"inLanguage\":\"fi\"},{\"@type\":\"Organization\",\"@id\":\"https:\/\/hdco.fi\/fi\/#organization\",\"name\":\"The Helsinki Distilling Company\",\"url\":\"https:\/\/hdco.fi\/fi\/\",\"logo\":{\"@type\":\"ImageObject\",\"inLanguage\":\"fi\",\"@id\":\"https:\/\/hdco.fi\/fi\/#\/schema\/logo\/image\/\",\"url\":\"https:\/\/hdco.fi\/wp-content\/uploads\/2022\/01\/HDCOlogo.png\",\"contentUrl\":\"https:\/\/hdco.fi\/wp-content\/uploads\/2022\/01\/HDCOlogo.png\",\"width\":240,\"height\":240,\"caption\":\"The Helsinki Distilling Company\"},\"image\":{\"@id\":\"https:\/\/hdco.fi\/fi\/#\/schema\/logo\/image\/\"},\"sameAs\":[\"https:\/\/www.facebook.com\/helsinkidistillingcompany\",\"https:\/\/www.instagram.com\/helsinkidistilling\/?hl=fi\"]}]}<\/script>\n<!-- \/ Yoast SEO plugin. -->","yoast_head_json":{"title":"Viskitynnyrit - The Helsinki Distilling Company | hdco.fi","robots":{"index":"index","follow":"follow","max-snippet":"max-snippet:-1","max-image-preview":"max-image-preview:large","max-video-preview":"max-video-preview:-1"},"canonical":"https:\/\/hdco.fi\/fi\/viskitynnyrit\/","og_locale":"fi_FI","og_type":"article","og_title":"Viskitynnyrit - The Helsinki Distilling Company | hdco.fi","og_description":"[vc_row row_height_percent=&#8221;0&#8243; override_padding=&#8221;yes&#8221; h_padding=&#8221;2&#8243; top_padding=&#8221;4&#8243; bottom_padding=&#8221;4&#8243; back_color=&#8221;color-lxmt&#8221; overlay_alpha=&#8221;50&#8243; gutter_size=&#8221;4&#8243; column_width_percent=&#8221;100&#8243; border_color=&#8221;accent&#8221; border_style=&#8221;solid&#8221; shift_y=&#8221;0&#8243; z_index=&#8221;0&#8243; uncode_shortcode_id=&#8221;165879&#8243; back_color_type=&#8221;uncode-palette&#8221; border_color_type=&#8221;uncode-palette&#8221;][vc_column column_width_percent=&#8221;100&#8243; align_horizontal=&#8221;align_center&#8221; gutter_size=&#8221;4&#8243; [&hellip;]","og_url":"https:\/\/hdco.fi\/fi\/viskitynnyrit\/","og_site_name":"The Helsinki Distilling Company | hdco.fi","article_publisher":"https:\/\/www.facebook.com\/helsinkidistillingcompany","article_modified_time":"2022-09-30T15:17:10+00:00","og_image":[{"width":750,"height":750,"url":"https:\/\/hdco.fi\/wp-content\/uploads\/2022\/04\/Hdco_casks.jpg","type":"image\/jpeg"}],"twitter_card":"summary_large_image","twitter_misc":{"Arvioitu lukuaika":"3 minuuttia"},"schema":{"@context":"https:\/\/schema.org","@graph":[{"@type":"WebPage","@id":"https:\/\/hdco.fi\/fi\/viskitynnyrit\/","url":"https:\/\/hdco.fi\/fi\/viskitynnyrit\/","name":"Viskitynnyrit - The Helsinki Distilling Company | hdco.fi","isPartOf":{"@id":"https:\/\/hdco.fi\/fi\/#website"},"primaryImageOfPage":{"@id":"https:\/\/hdco.fi\/fi\/viskitynnyrit\/#primaryimage"},"image":{"@id":"https:\/\/hdco.fi\/fi\/viskitynnyrit\/#primaryimage"},"thumbnailUrl":"https:\/\/hdco.fi\/wp-content\/uploads\/2022\/04\/Hdco_casks.jpg","datePublished":"2022-06-10T11:10:08+00:00","dateModified":"2022-09-30T15:17:10+00:00","breadcrumb":{"@id":"https:\/\/hdco.fi\/fi\/viskitynnyrit\/#breadcrumb"},"inLanguage":"fi","potentialAction":[{"@type":"ReadAction","target":["https:\/\/hdco.fi\/fi\/viskitynnyrit\/"]}]},{"@type":"ImageObject","inLanguage":"fi","@id":"https:\/\/hdco.fi\/fi\/viskitynnyrit\/#primaryimage","url":"https:\/\/hdco.fi\/wp-content\/uploads\/2022\/04\/Hdco_casks.jpg","contentUrl":"https:\/\/hdco.fi\/wp-content\/uploads\/2022\/04\/Hdco_casks.jpg","width":750,"height":750},{"@type":"BreadcrumbList","@id":"https:\/\/hdco.fi\/fi\/viskitynnyrit\/#breadcrumb","itemListElement":[{"@type":"ListItem","position":1,"name":"Home","item":"https:\/\/hdco.fi\/fi\/"},{"@type":"ListItem","position":2,"name":"Viskitynnyrit"}]},{"@type":"WebSite","@id":"https:\/\/hdco.fi\/fi\/#website","url":"https:\/\/hdco.fi\/fi\/","name":"The Helsinki Distilling Company | hdco.fi","description":"HEL of a Spirit","publisher":{"@id":"https:\/\/hdco.fi\/fi\/#organization"},"potentialAction":[{"@type":"SearchAction","target":{"@type":"EntryPoint","urlTemplate":"https:\/\/hdco.fi\/fi\/?s={search_term_string}"},"query-input":{"@type":"PropertyValueSpecification","valueRequired":true,"valueName":"search_term_string"}}],"inLanguage":"fi"},{"@type":"Organization","@id":"https:\/\/hdco.fi\/fi\/#organization","name":"The Helsinki Distilling Company","url":"https:\/\/hdco.fi\/fi\/","logo":{"@type":"ImageObject","inLanguage":"fi","@id":"https:\/\/hdco.fi\/fi\/#\/schema\/logo\/image\/","url":"https:\/\/hdco.fi\/wp-content\/uploads\/2022\/01\/HDCOlogo.png","contentUrl":"https:\/\/hdco.fi\/wp-content\/uploads\/2022\/01\/HDCOlogo.png","width":240,"height":240,"caption":"The Helsinki Distilling Company"},"image":{"@id":"https:\/\/hdco.fi\/fi\/#\/schema\/logo\/image\/"},"sameAs":["https:\/\/www.facebook.com\/helsinkidistillingcompany","https:\/\/www.instagram.com\/helsinkidistilling\/?hl=fi"]}]}},"_links":{"self":[{"href":"https:\/\/hdco.fi\/fi\/wp-json\/wp\/v2\/pages\/104625","targetHints":{"allow":["GET"]}}],"collection":[{"href":"https:\/\/hdco.fi\/fi\/wp-json\/wp\/v2\/pages"}],"about":[{"href":"https:\/\/hdco.fi\/fi\/wp-json\/wp\/v2\/types\/page"}],"author":[{"embeddable":true,"href":"https:\/\/hdco.fi\/fi\/wp-json\/wp\/v2\/users\/1"}],"replies":[{"embeddable":true,"href":"https:\/\/hdco.fi\/fi\/wp-json\/wp\/v2\/comments?post=104625"}],"version-history":[{"count":0,"href":"https:\/\/hdco.fi\/fi\/wp-json\/wp\/v2\/pages\/104625\/revisions"}],"wp:featuredmedia":[{"embeddable":true,"href":"https:\/\/hdco.fi\/fi\/wp-json\/wp\/v2\/media\/103678"}],"wp:attachment":[{"href":"https:\/\/hdco.fi\/fi\/wp-json\/wp\/v2\/media?parent=104625"}],"curies":[{"name":"wp","href":"https:\/\/api.w.org\/{rel}","templated":true}]}}