{"id":105603,"date":"2025-03-12T14:06:27","date_gmt":"2025-03-12T12:06:27","guid":{"rendered":"https:\/\/hdco.fi\/?page_id=105603"},"modified":"2026-02-18T11:03:51","modified_gmt":"2026-02-18T09:03:51","slug":"cocktailit","status":"publish","type":"page","link":"https:\/\/hdco.fi\/fi\/tuotteet\/cocktailit\/","title":{"rendered":"Cocktailit"},"content":{"rendered":"<div class=\"wpb-content-wrapper\"><p>[vc_row row_height_percent=&#8221;0&#8243; override_padding=&#8221;yes&#8221; h_padding=&#8221;2&#8243; top_padding=&#8221;5&#8243; bottom_padding=&#8221;2&#8243; back_color=&#8221;color-xsdn&#8221; overlay_alpha=&#8221;50&#8243; gutter_size=&#8221;4&#8243; column_width_percent=&#8221;100&#8243; border_color=&#8221;accent&#8221; border_style=&#8221;solid&#8221; shift_y=&#8221;0&#8243; z_index=&#8221;0&#8243; content_parallax=&#8221;0&#8243; uncode_shortcode_id=&#8221;750482&#8243; back_color_type=&#8221;uncode-palette&#8221; border_color_type=&#8221;uncode-palette&#8221;][vc_column column_width_percent=&#8221;100&#8243; align_horizontal=&#8221;align_center&#8221; gutter_size=&#8221;4&#8243; overlay_alpha=&#8221;50&#8243; shift_x=&#8221;0&#8243; shift_y=&#8221;0&#8243; shift_y_down=&#8221;0&#8243; z_index=&#8221;0&#8243; medium_width=&#8221;0&#8243; mobile_width=&#8221;0&#8243; width=&#8221;1\/1&#8243; uncode_shortcode_id=&#8221;138536&#8243;][vc_row_inner row_inner_height_percent=&#8221;0&#8243; overlay_alpha=&#8221;50&#8243; gutter_size=&#8221;4&#8243; shift_y=&#8221;0&#8243; z_index=&#8221;0&#8243; limit_content=&#8221;&#8221; uncode_shortcode_id=&#8221;134335&#8243;][vc_column_inner column_width_use_pixel=&#8221;yes&#8221; align_horizontal=&#8221;align_center&#8221; gutter_size=&#8221;2&#8243; font_family=&#8221;font-136269&#8243; overlay_alpha=&#8221;50&#8243; shift_x=&#8221;0&#8243; shift_y=&#8221;0&#8243; shift_y_down=&#8221;0&#8243; z_index=&#8221;0&#8243; medium_width=&#8221;0&#8243; mobile_width=&#8221;0&#8243; width=&#8221;1\/1&#8243; uncode_shortcode_id=&#8221;123541&#8243; column_width_pixel=&#8221;600&#8243;][vc_custom_heading text_size=&#8221;fontsize-155944&#8243; text_transform=&#8221;uppercase&#8221; text_height=&#8221;fontheight-179065&#8243; text_space=&#8221;fontspace-781688&#8243; uncode_shortcode_id=&#8221;203769&#8243;]Helsinki Cocktailit \u2013 Ravintolatason cocktailit t\u00f6lkiss\u00e4[\/vc_custom_heading][\/vc_column_inner][\/vc_row_inner][\/vc_column][\/vc_row][vc_row unlock_row_content=&#8221;yes&#8221; row_height_percent=&#8221;50&#8243; override_padding=&#8221;yes&#8221; h_padding=&#8221;0&#8243; top_padding=&#8221;0&#8243; bottom_padding=&#8221;0&#8243; overlay_alpha=&#8221;50&#8243; equal_height=&#8221;yes&#8221; gutter_size=&#8221;0&#8243; column_width_percent=&#8221;100&#8243; shift_y=&#8221;0&#8243; z_index=&#8221;0&#8243; content_parallax=&#8221;0&#8243; uncode_shortcode_id=&#8221;188299&#8243; css=&#8221;.vc_custom_1746550135163{border-top-width: 9px !important;border-right-width: 9px !important;border-left-width: 9px !important;}&#8221; row_name=&#8221;spirits&#8221;][vc_column column_width_percent=&#8221;100&#8243; align_horizontal=&#8221;align_center&#8221; gutter_size=&#8221;3&#8243; override_padding=&#8221;yes&#8221; column_padding=&#8221;2&#8243; overlay_alpha=&#8221;24&#8243; border_color=&#8221;accent&#8221; border_style=&#8221;solid&#8221; shift_x=&#8221;0&#8243; shift_y=&#8221;0&#8243; shift_y_down=&#8221;0&#8243; z_index=&#8221;0&#8243; medium_width=&#8221;3&#8243; mobile_width=&#8221;0&#8243; width=&#8221;1\/3&#8243; mobile_height=&#8221;600px&#8221; uncode_shortcode_id=&#8221;154853&#8243; border_color_type=&#8221;uncode-palette&#8221;][vc_single_image media=&#8221;105598&#8243; media_width_percent=&#8221;100&#8243; uncode_shortcode_id=&#8221;100481&#8243;][vc_custom_heading text_transform=&#8221;uppercase&#8221; uncode_shortcode_id=&#8221;120224&#8243; subheading=&#8221;Klassinen ja suosittu Mule-drinkki, jossa yhdistyv\u00e4t Helsinki Dry Vodka, Muteman-inkiv\u00e4\u00e4riolut ja raikas lime.&#8221;]Helsinki Cocktail Ginger Mule (5,5 %)[\/vc_custom_heading][\/vc_column][vc_column column_width_percent=&#8221;100&#8243; align_horizontal=&#8221;align_center&#8221; gutter_size=&#8221;3&#8243; override_padding=&#8221;yes&#8221; column_padding=&#8221;2&#8243; overlay_alpha=&#8221;50&#8243; shift_x=&#8221;0&#8243; shift_y=&#8221;0&#8243; shift_y_down=&#8221;0&#8243; z_index=&#8221;0&#8243; medium_width=&#8221;3&#8243; mobile_width=&#8221;0&#8243; width=&#8221;1\/3&#8243; uncode_shortcode_id=&#8221;150590&#8243;][vc_single_image media=&#8221;105600&#8243; media_width_percent=&#8221;100&#8243; uncode_shortcode_id=&#8221;146154&#8243;][vc_custom_heading text_transform=&#8221;uppercase&#8221; uncode_shortcode_id=&#8221;105167&#8243; subheading=&#8221;Trendik\u00e4s Gin Spritz, jossa kohtaavat Helsinki Dry Gin ja raikas raparperi.&#8221;]Helsinki Cocktail Rhubarb Spritz (5,5 %)[\/vc_custom_heading][\/vc_column][vc_column column_width_percent=&#8221;100&#8243; align_horizontal=&#8221;align_center&#8221; gutter_size=&#8221;3&#8243; override_padding=&#8221;yes&#8221; column_padding=&#8221;2&#8243; overlay_alpha=&#8221;50&#8243; shift_x=&#8221;0&#8243; shift_y=&#8221;0&#8243; shift_y_down=&#8221;0&#8243; z_index=&#8221;0&#8243; medium_width=&#8221;3&#8243; mobile_width=&#8221;0&#8243; width=&#8221;1\/3&#8243; uncode_shortcode_id=&#8221;193708&#8243;][vc_single_image media=&#8221;106571&#8243; media_width_percent=&#8221;100&#8243; uncode_shortcode_id=&#8221;508789&#8243;][vc_custom_heading text_transform=&#8221;uppercase&#8221; uncode_shortcode_id=&#8221;187543&#8243; subheading=&#8221;Helsinki Highball on japanilaisesta kulttisuosion saavuttaneesta juomasta inspiroitunut kevyt viskipohjainen premium\u2011cocktail.&#8221;]Helsinki Cocktail Highball (5,5 %)[\/vc_custom_heading][\/vc_column][\/vc_row]<\/p>\n<\/div>","protected":false},"excerpt":{"rendered":"<p>[vc_row row_height_percent=&#8221;0&#8243; override_padding=&#8221;yes&#8221; h_padding=&#8221;2&#8243; top_padding=&#8221;5&#8243; bottom_padding=&#8221;2&#8243; back_color=&#8221;color-xsdn&#8221; overlay_alpha=&#8221;50&#8243; gutter_size=&#8221;4&#8243; column_width_percent=&#8221;100&#8243; border_color=&#8221;accent&#8221; border_style=&#8221;solid&#8221; shift_y=&#8221;0&#8243; z_index=&#8221;0&#8243; content_parallax=&#8221;0&#8243; uncode_shortcode_id=&#8221;750482&#8243; back_color_type=&#8221;uncode-palette&#8221; border_color_type=&#8221;uncode-palette&#8221;][vc_column column_width_percent=&#8221;100&#8243; align_horizontal=&#8221;align_center&#8221; [&hellip;]<\/p>\n","protected":false},"author":1,"featured_media":105596,"parent":104600,"menu_order":0,"comment_status":"closed","ping_status":"closed","template":"","meta":{"_improvement_type_select":"improve_an_existing","_thumb_yes_seoaic":false,"_frame_yes_seoaic":false,"seoaic_generate_description":"","seoaic_improve_instructions_prompt":"","seoaic_rollback_content_improvement":"","seoaic_idea_thumbnail_generator":"","thumbnail_generated":false,"thumbnail_generate_prompt":"","seoaic_article_description":"","footnotes":""},"class_list":["post-105603","page","type-page","status-publish","has-post-thumbnail","hentry"],"yoast_head":"<!-- This site is optimized with the Yoast SEO plugin v26.2 - https:\/\/yoast.com\/wordpress\/plugins\/seo\/ -->\n<title>Cocktailit - The Helsinki Distilling Company | hdco.fi<\/title>\n<meta name=\"robots\" content=\"index, follow, max-snippet:-1, max-image-preview:large, max-video-preview:-1\" \/>\n<link rel=\"canonical\" href=\"https:\/\/hdco.fi\/fi\/tuotteet\/cocktailit\/\" \/>\n<meta property=\"og:locale\" content=\"fi_FI\" \/>\n<meta property=\"og:type\" content=\"article\" \/>\n<meta property=\"og:title\" content=\"Cocktailit - The Helsinki Distilling Company | hdco.fi\" \/>\n<meta property=\"og:description\" content=\"[vc_row row_height_percent=&#8221;0&#8243; override_padding=&#8221;yes&#8221; h_padding=&#8221;2&#8243; top_padding=&#8221;5&#8243; bottom_padding=&#8221;2&#8243; back_color=&#8221;color-xsdn&#8221; overlay_alpha=&#8221;50&#8243; gutter_size=&#8221;4&#8243; column_width_percent=&#8221;100&#8243; border_color=&#8221;accent&#8221; border_style=&#8221;solid&#8221; shift_y=&#8221;0&#8243; z_index=&#8221;0&#8243; content_parallax=&#8221;0&#8243; uncode_shortcode_id=&#8221;750482&#8243; back_color_type=&#8221;uncode-palette&#8221; border_color_type=&#8221;uncode-palette&#8221;][vc_column column_width_percent=&#8221;100&#8243; align_horizontal=&#8221;align_center&#8221; [&hellip;]\" \/>\n<meta property=\"og:url\" content=\"https:\/\/hdco.fi\/fi\/tuotteet\/cocktailit\/\" \/>\n<meta property=\"og:site_name\" content=\"The Helsinki Distilling Company | hdco.fi\" \/>\n<meta property=\"article:publisher\" content=\"https:\/\/www.facebook.com\/helsinkidistillingcompany\" \/>\n<meta property=\"article:modified_time\" content=\"2026-02-18T09:03:51+00:00\" \/>\n<meta property=\"og:image\" content=\"https:\/\/hdco.fi\/wp-content\/uploads\/2025\/03\/igor-stepanov-rNKKUsIJNd4-unsplash-scaled.jpg\" \/>\n\t<meta property=\"og:image:width\" content=\"1706\" \/>\n\t<meta property=\"og:image:height\" content=\"2560\" \/>\n\t<meta property=\"og:image:type\" content=\"image\/jpeg\" \/>\n<meta name=\"twitter:card\" content=\"summary_large_image\" \/>\n<meta name=\"twitter:label1\" content=\"Arvioitu lukuaika\" \/>\n\t<meta name=\"twitter:data1\" content=\"2 minuuttia\" \/>\n<script type=\"application\/ld+json\" class=\"yoast-schema-graph\">{\"@context\":\"https:\/\/schema.org\",\"@graph\":[{\"@type\":\"WebPage\",\"@id\":\"https:\/\/hdco.fi\/fi\/tuotteet\/cocktailit\/\",\"url\":\"https:\/\/hdco.fi\/fi\/tuotteet\/cocktailit\/\",\"name\":\"Cocktailit - The Helsinki Distilling Company | hdco.fi\",\"isPartOf\":{\"@id\":\"https:\/\/hdco.fi\/fi\/#website\"},\"primaryImageOfPage\":{\"@id\":\"https:\/\/hdco.fi\/fi\/tuotteet\/cocktailit\/#primaryimage\"},\"image\":{\"@id\":\"https:\/\/hdco.fi\/fi\/tuotteet\/cocktailit\/#primaryimage\"},\"thumbnailUrl\":\"https:\/\/hdco.fi\/wp-content\/uploads\/2025\/03\/igor-stepanov-rNKKUsIJNd4-unsplash-scaled.jpg\",\"datePublished\":\"2025-03-12T12:06:27+00:00\",\"dateModified\":\"2026-02-18T09:03:51+00:00\",\"breadcrumb\":{\"@id\":\"https:\/\/hdco.fi\/fi\/tuotteet\/cocktailit\/#breadcrumb\"},\"inLanguage\":\"fi\",\"potentialAction\":[{\"@type\":\"ReadAction\",\"target\":[\"https:\/\/hdco.fi\/fi\/tuotteet\/cocktailit\/\"]}]},{\"@type\":\"ImageObject\",\"inLanguage\":\"fi\",\"@id\":\"https:\/\/hdco.fi\/fi\/tuotteet\/cocktailit\/#primaryimage\",\"url\":\"https:\/\/hdco.fi\/wp-content\/uploads\/2025\/03\/igor-stepanov-rNKKUsIJNd4-unsplash-scaled.jpg\",\"contentUrl\":\"https:\/\/hdco.fi\/wp-content\/uploads\/2025\/03\/igor-stepanov-rNKKUsIJNd4-unsplash-scaled.jpg\",\"width\":1706,\"height\":2560},{\"@type\":\"BreadcrumbList\",\"@id\":\"https:\/\/hdco.fi\/fi\/tuotteet\/cocktailit\/#breadcrumb\",\"itemListElement\":[{\"@type\":\"ListItem\",\"position\":1,\"name\":\"Home\",\"item\":\"https:\/\/hdco.fi\/fi\/\"},{\"@type\":\"ListItem\",\"position\":2,\"name\":\"Tuotteet\",\"item\":\"https:\/\/hdco.fi\/fi\/tuotteet\/\"},{\"@type\":\"ListItem\",\"position\":3,\"name\":\"Cocktailit\"}]},{\"@type\":\"WebSite\",\"@id\":\"https:\/\/hdco.fi\/fi\/#website\",\"url\":\"https:\/\/hdco.fi\/fi\/\",\"name\":\"The Helsinki Distilling Company | hdco.fi\",\"description\":\"HEL of a Spirit\",\"publisher\":{\"@id\":\"https:\/\/hdco.fi\/fi\/#organization\"},\"potentialAction\":[{\"@type\":\"SearchAction\",\"target\":{\"@type\":\"EntryPoint\",\"urlTemplate\":\"https:\/\/hdco.fi\/fi\/?s={search_term_string}\"},\"query-input\":{\"@type\":\"PropertyValueSpecification\",\"valueRequired\":true,\"valueName\":\"search_term_string\"}}],\"inLanguage\":\"fi\"},{\"@type\":\"Organization\",\"@id\":\"https:\/\/hdco.fi\/fi\/#organization\",\"name\":\"The Helsinki Distilling Company\",\"url\":\"https:\/\/hdco.fi\/fi\/\",\"logo\":{\"@type\":\"ImageObject\",\"inLanguage\":\"fi\",\"@id\":\"https:\/\/hdco.fi\/fi\/#\/schema\/logo\/image\/\",\"url\":\"https:\/\/hdco.fi\/wp-content\/uploads\/2022\/01\/HDCOlogo.png\",\"contentUrl\":\"https:\/\/hdco.fi\/wp-content\/uploads\/2022\/01\/HDCOlogo.png\",\"width\":240,\"height\":240,\"caption\":\"The Helsinki Distilling Company\"},\"image\":{\"@id\":\"https:\/\/hdco.fi\/fi\/#\/schema\/logo\/image\/\"},\"sameAs\":[\"https:\/\/www.facebook.com\/helsinkidistillingcompany\",\"https:\/\/www.instagram.com\/helsinkidistilling\/?hl=fi\"]}]}<\/script>\n<!-- \/ Yoast SEO plugin. -->","yoast_head_json":{"title":"Cocktailit - The Helsinki Distilling Company | hdco.fi","robots":{"index":"index","follow":"follow","max-snippet":"max-snippet:-1","max-image-preview":"max-image-preview:large","max-video-preview":"max-video-preview:-1"},"canonical":"https:\/\/hdco.fi\/fi\/tuotteet\/cocktailit\/","og_locale":"fi_FI","og_type":"article","og_title":"Cocktailit - The Helsinki Distilling Company | hdco.fi","og_description":"[vc_row row_height_percent=&#8221;0&#8243; override_padding=&#8221;yes&#8221; h_padding=&#8221;2&#8243; top_padding=&#8221;5&#8243; bottom_padding=&#8221;2&#8243; back_color=&#8221;color-xsdn&#8221; overlay_alpha=&#8221;50&#8243; gutter_size=&#8221;4&#8243; column_width_percent=&#8221;100&#8243; border_color=&#8221;accent&#8221; border_style=&#8221;solid&#8221; shift_y=&#8221;0&#8243; z_index=&#8221;0&#8243; content_parallax=&#8221;0&#8243; uncode_shortcode_id=&#8221;750482&#8243; back_color_type=&#8221;uncode-palette&#8221; border_color_type=&#8221;uncode-palette&#8221;][vc_column column_width_percent=&#8221;100&#8243; align_horizontal=&#8221;align_center&#8221; [&hellip;]","og_url":"https:\/\/hdco.fi\/fi\/tuotteet\/cocktailit\/","og_site_name":"The Helsinki Distilling Company | hdco.fi","article_publisher":"https:\/\/www.facebook.com\/helsinkidistillingcompany","article_modified_time":"2026-02-18T09:03:51+00:00","og_image":[{"width":1706,"height":2560,"url":"https:\/\/hdco.fi\/wp-content\/uploads\/2025\/03\/igor-stepanov-rNKKUsIJNd4-unsplash-scaled.jpg","type":"image\/jpeg"}],"twitter_card":"summary_large_image","twitter_misc":{"Arvioitu lukuaika":"2 minuuttia"},"schema":{"@context":"https:\/\/schema.org","@graph":[{"@type":"WebPage","@id":"https:\/\/hdco.fi\/fi\/tuotteet\/cocktailit\/","url":"https:\/\/hdco.fi\/fi\/tuotteet\/cocktailit\/","name":"Cocktailit - The Helsinki Distilling Company | hdco.fi","isPartOf":{"@id":"https:\/\/hdco.fi\/fi\/#website"},"primaryImageOfPage":{"@id":"https:\/\/hdco.fi\/fi\/tuotteet\/cocktailit\/#primaryimage"},"image":{"@id":"https:\/\/hdco.fi\/fi\/tuotteet\/cocktailit\/#primaryimage"},"thumbnailUrl":"https:\/\/hdco.fi\/wp-content\/uploads\/2025\/03\/igor-stepanov-rNKKUsIJNd4-unsplash-scaled.jpg","datePublished":"2025-03-12T12:06:27+00:00","dateModified":"2026-02-18T09:03:51+00:00","breadcrumb":{"@id":"https:\/\/hdco.fi\/fi\/tuotteet\/cocktailit\/#breadcrumb"},"inLanguage":"fi","potentialAction":[{"@type":"ReadAction","target":["https:\/\/hdco.fi\/fi\/tuotteet\/cocktailit\/"]}]},{"@type":"ImageObject","inLanguage":"fi","@id":"https:\/\/hdco.fi\/fi\/tuotteet\/cocktailit\/#primaryimage","url":"https:\/\/hdco.fi\/wp-content\/uploads\/2025\/03\/igor-stepanov-rNKKUsIJNd4-unsplash-scaled.jpg","contentUrl":"https:\/\/hdco.fi\/wp-content\/uploads\/2025\/03\/igor-stepanov-rNKKUsIJNd4-unsplash-scaled.jpg","width":1706,"height":2560},{"@type":"BreadcrumbList","@id":"https:\/\/hdco.fi\/fi\/tuotteet\/cocktailit\/#breadcrumb","itemListElement":[{"@type":"ListItem","position":1,"name":"Home","item":"https:\/\/hdco.fi\/fi\/"},{"@type":"ListItem","position":2,"name":"Tuotteet","item":"https:\/\/hdco.fi\/fi\/tuotteet\/"},{"@type":"ListItem","position":3,"name":"Cocktailit"}]},{"@type":"WebSite","@id":"https:\/\/hdco.fi\/fi\/#website","url":"https:\/\/hdco.fi\/fi\/","name":"The Helsinki Distilling Company | hdco.fi","description":"HEL of a Spirit","publisher":{"@id":"https:\/\/hdco.fi\/fi\/#organization"},"potentialAction":[{"@type":"SearchAction","target":{"@type":"EntryPoint","urlTemplate":"https:\/\/hdco.fi\/fi\/?s={search_term_string}"},"query-input":{"@type":"PropertyValueSpecification","valueRequired":true,"valueName":"search_term_string"}}],"inLanguage":"fi"},{"@type":"Organization","@id":"https:\/\/hdco.fi\/fi\/#organization","name":"The Helsinki Distilling Company","url":"https:\/\/hdco.fi\/fi\/","logo":{"@type":"ImageObject","inLanguage":"fi","@id":"https:\/\/hdco.fi\/fi\/#\/schema\/logo\/image\/","url":"https:\/\/hdco.fi\/wp-content\/uploads\/2022\/01\/HDCOlogo.png","contentUrl":"https:\/\/hdco.fi\/wp-content\/uploads\/2022\/01\/HDCOlogo.png","width":240,"height":240,"caption":"The Helsinki Distilling Company"},"image":{"@id":"https:\/\/hdco.fi\/fi\/#\/schema\/logo\/image\/"},"sameAs":["https:\/\/www.facebook.com\/helsinkidistillingcompany","https:\/\/www.instagram.com\/helsinkidistilling\/?hl=fi"]}]}},"_links":{"self":[{"href":"https:\/\/hdco.fi\/fi\/wp-json\/wp\/v2\/pages\/105603","targetHints":{"allow":["GET"]}}],"collection":[{"href":"https:\/\/hdco.fi\/fi\/wp-json\/wp\/v2\/pages"}],"about":[{"href":"https:\/\/hdco.fi\/fi\/wp-json\/wp\/v2\/types\/page"}],"author":[{"embeddable":true,"href":"https:\/\/hdco.fi\/fi\/wp-json\/wp\/v2\/users\/1"}],"replies":[{"embeddable":true,"href":"https:\/\/hdco.fi\/fi\/wp-json\/wp\/v2\/comments?post=105603"}],"version-history":[{"count":5,"href":"https:\/\/hdco.fi\/fi\/wp-json\/wp\/v2\/pages\/105603\/revisions"}],"predecessor-version":[{"id":106582,"href":"https:\/\/hdco.fi\/fi\/wp-json\/wp\/v2\/pages\/105603\/revisions\/106582"}],"up":[{"embeddable":true,"href":"https:\/\/hdco.fi\/fi\/wp-json\/wp\/v2\/pages\/104600"}],"wp:featuredmedia":[{"embeddable":true,"href":"https:\/\/hdco.fi\/fi\/wp-json\/wp\/v2\/media\/105596"}],"wp:attachment":[{"href":"https:\/\/hdco.fi\/fi\/wp-json\/wp\/v2\/media?parent=105603"}],"curies":[{"name":"wp","href":"https:\/\/api.w.org\/{rel}","templated":true}]}}